{"id":129,"date":"2022-12-10T14:48:43","date_gmt":"2022-12-10T13:48:43","guid":{"rendered":"http:\/\/wordpress2213765.home.pl\/balance\/?page_id=129"},"modified":"2024-09-17T09:10:30","modified_gmt":"2024-09-17T07:10:30","slug":"faq","status":"publish","type":"page","link":"http:\/\/balance-studio.pl\/index.php\/faq\/","title":{"rendered":"FAQ"},"content":{"rendered":"<div id=\"pl-129\"  class=\"panel-layout\" ><div id=\"pg-129-0\"  class=\"panel-grid panel-has-style\" ><div class=\"siteorigin-panels-stretch panel-row-style panel-row-style-for-129-0\" style=\"padding: 80px 0; \" data-stretch-type=\"full\" data-overlay=\"true\" data-overlay-color=\"#000000\" ><div id=\"pgc-129-0-0\"  class=\"panel-grid-cell\" ><div id=\"panel-129-0-0-0\" class=\"so-panel widget widget_sow-editor panel-first-child panel-last-child\" data-index=\"0\" ><div style=\"text-align: left;\" data-title-color=\"#443f3f\" data-headings-color=\"#ffffff\" class=\"panel-widget-style panel-widget-style-for-129-0-0-0\" ><div\n\t\t\t\n\t\t\tclass=\"so-widget-sow-editor so-widget-sow-editor-base\"\n\t\t\t\n\t\t>\n<div class=\"siteorigin-widget-tinymce textwidget\">\n\t<p><img loading=\"lazy\" decoding=\"async\" class=\"aligncenter wp-image-425\" src=\"http:\/\/balance-studio.pl\/wp-content\/uploads\/2022\/12\/FAQs-300x284.png\" alt=\"\" width=\"100\" height=\"95\" srcset=\"http:\/\/balance-studio.pl\/wp-content\/uploads\/2022\/12\/FAQs-300x284.png 300w, http:\/\/balance-studio.pl\/wp-content\/uploads\/2022\/12\/FAQs-230x218.png 230w, http:\/\/balance-studio.pl\/wp-content\/uploads\/2022\/12\/FAQs-350x332.png 350w, http:\/\/balance-studio.pl\/wp-content\/uploads\/2022\/12\/FAQs-480x455.png 480w, http:\/\/balance-studio.pl\/wp-content\/uploads\/2022\/12\/FAQs.png 761w\" sizes=\"auto, (max-width: 100px) 100vw, 100px\" \/><\/p>\n<ol style=\"text-align: left;\">\n<li>\n<h5><span style=\"color: #000000;\"><strong>Jak si\u0119 przygotowa\u0107 do zaj\u0119\u0107?<\/strong><\/span><\/h5>\n<\/li>\n<\/ol>\n<p style=\"text-align: left;\"><span style=\"color: #000000;\">Na zaj\u0119cia pole dance we\u017a ze sob\u0105 przede wszystkim kr\u00f3tkie spodenki i t-shirt lub top sportowy. Na aerial hoop warto mie\u0107 d\u0142ugie leginsy. \u0106wiczymy na boso lub w skarpetkach! Pami\u0119tajmy o nieu\u017cywaniu balsamu do cia\u0142a w dniu zaj\u0119\u0107 i kremu do r\u0105k, bo zmniejsza to przyczepno\u015b\u0107.<\/span><\/p>\n<ol style=\"text-align: left;\" start=\"2\">\n<li>\n<h5><span style=\"color: #000000;\"><strong>Jak wygl\u0105daj\u0105 zaj\u0119cia?<\/strong><\/span><\/h5>\n<\/li>\n<\/ol>\n<p style=\"text-align: left;\"><span style=\"color: #000000;\">Zaj\u0119cia dla doros\u0142ych trwaj\u0105 60 minut, a dla dzieci 50 minut. Rozpoczynaj\u0105 si\u0119 rozgrzewk\u0105 i ko\u0144cz\u0105 kr\u00f3tkim wyciszeniem i rozci\u0105ganiem.<\/span><\/p>\n<ol style=\"text-align: left;\" start=\"3\">\n<li>\n<h5><span style=\"color: #000000;\"><strong>Jak du\u017ce s\u0105 grupy?<\/strong><\/span><\/h5>\n<\/li>\n<\/ol>\n<p style=\"text-align: left;\"><span style=\"color: #000000;\">Grupy pole dance s\u0105 maksymalnie 8 osobowe. Ka\u017cdy ma swoj\u0105 rurk\u0119. Ko\u0142a i szarfy to max. 6 os\u00f3b. Limit os\u00f3b na pozosta\u0142e zaj\u0119cia to 10.<\/span><\/p>\n<ol style=\"text-align: left;\" start=\"4\">\n<li>\n<h5><span style=\"color: #000000;\"><strong>Mam za s\u0142abe r\u0119ce! Pole Dance nie jest dla mnie?<\/strong><\/span><\/h5>\n<\/li>\n<\/ol>\n<p style=\"text-align: left;\"><span style=\"color: #000000;\">Wr\u0119cz przeciwnie. Przychodzimy na zaj\u0119cia po to, aby wzmocni\u0107 r\u0119ce. A tak\u017ce brzuch. I nogi.<\/span><br \/>\n<span style=\"color: #000000;\">I po\u015bladki, plecy, ramiona. \u201eI don\u2019t pole dance because I\u2019m strong. I\u2019m strong because I pole dance\u201d. \ud83d\ude09<\/span><\/p>\n<ol style=\"text-align: left;\" start=\"5\">\n<li>\n<h5><span style=\"color: #000000;\"><strong>Czy mog\u0119 \u0107wiczy\u0107 Pole Dance\/Aerial Hoop je\u015bli mam ponad 40 lat?<\/strong><\/span><\/h5>\n<\/li>\n<\/ol>\n<p style=\"text-align: left;\"><span style=\"color: #000000;\">Oczywi\u015bcie! Wiek nie jest \u017cadnym ograniczeniem. Pole Dance trenuj\u0105 dzieci i kobiety w ka\u017cdym wieku.<\/span><\/p>\n<ol style=\"text-align: left;\" start=\"6\">\n<li>\n<h5><span style=\"color: #000000;\"><strong>Co zrobi\u0107, je\u015bli nie mog\u0119 przyj\u015b\u0107 na zaj\u0119cia, a ju\u017c zap\u0142aci\u0142am?<\/strong><\/span><\/h5>\n<\/li>\n<\/ol>\n<p style=\"text-align: left;\"><span style=\"color: #000000;\">Zawsze mo\u017cesz odrobi\u0107 zaj\u0119cia w innym terminie wyznaczonym przez instruktork\u0119, w ramach okresu trwania karnetu. Pami\u0119taj jednak, aby odwo\u0142a\u0107 swoje zaj\u0119cia w aplikacji fitssey 12h wcze\u015bniej.<\/span><\/p>\n<ol style=\"text-align: left;\" start=\"7\">\n<li>\n<h5><span style=\"color: #000000;\"><strong>Jak zapisa\u0107 si\u0119 na zaj\u0119cia?<\/strong><\/span><\/h5>\n<\/li>\n<\/ol>\n<p style=\"text-align: left;\"><span style=\"color: #000000;\">Zapis\u00f3w dokonujemy przez nasz\u0105 stron\u0119, klikaj\u0105c przycisk \u201ezapisz si\u0119\u201d. Zostaniesz przekierowana do rejestracji w systemie fitssey. Jest to aplikacja, kt\u00f3rej u\u017cywamy, aby usprawni\u0107 system zapis\u00f3w \ud83d\ude42 Nale\u017cy wype\u0142ni\u0107 tam kr\u00f3tki formularz dotycz\u0105cy Twoich danych osobowych, a tak\u017ce wybra\u0107 odpowiedni karnet i grup\u0119. W przypadku trudno\u015bci prosimy o kontakt przez wiadomo\u015b\u0107 na fb.<\/span><\/p>\n<ol style=\"text-align: left;\" start=\"8\">\n<li>\n<h5><span style=\"color: #000000;\"><strong>Z jakich rurek korzystamy na zaj\u0119ciach?<\/strong><\/span><\/h5>\n<\/li>\n<\/ol>\n<p style=\"text-align: left;\"><span style=\"color: #000000;\">Nasze studio wyposa\u017cone jest w rurki polskiej firmy Sun Pole. Posiadamy 4 rurki chromowane i 4 malowane proszkowo o \u015brednicach 42mm oraz 45 mm. Wysoko\u015b\u0107 ka\u017cdej z nich to 3,45 m.<\/span><\/p>\n<ol style=\"text-align: left;\" start=\"9\">\n<li>\n<h5><span style=\"color: #000000;\"><strong>Jakich k\u00f3\u0142 u\u017cywamy na zaj\u0119ciach?<\/strong><\/span><\/h5>\n<\/li>\n<\/ol>\n<p><span style=\"color: #000000;\">Nasza sala wyposa\u017cona jest w 6 k\u00f3\u0142 marki Flying Rose. Ko\u0142a oklejone s\u0105 \"tejpem\", a ich \u015brednice to 90, 95 i 100 cm.<\/span><\/p>\n<ol style=\"text-align: left;\" start=\"10\">\n<li>\n<h5><span style=\"color: #000000;\"><strong>Jakie s\u0105 ryzyka zwi\u0105zane z uprawianiem Pole Dance? Co je\u015bli co\u015b mi si\u0119 stanie podczas zaj\u0119\u0107?<\/strong><\/span><\/h5>\n<\/li>\n<\/ol>\n<p style=\"text-align: left;\"><span style=\"color: #000000;\">Na ka\u017cdych zaj\u0119ciach obecny jest instruktor, kt\u00f3ry b\u0119dzie zawsze do Twojej dyspozycji. Pomaga on w wykonywaniu figur, asekuracji, a tak\u017ce przy stretchingu. Instruktorzy w naszej szkole odbyli kurs pierwszej pomocy. Dodatkowo szko\u0142a posiada ubezpieczenie od odpowiedzialno\u015bci cywilnej (OC). Zalecamy jednak ka\u017cdej uczestniczce posiada\u0107 indywidualne ubezpieczenie od nast\u0119pstw nieszcz\u0119\u015bliwych wypadk\u00f3w (NNW), gdy\u017c szko\u0142a nie ponosi za to odpowiedzialno\u015bci (np. w przypadku skr\u0119cenia kostki).<\/span><\/p>\n<h5><span style=\"color: #000000;\"><strong>\u00a0 \u00a0 \u00a0 11. Czy s\u0105 jakie\u015b przeciwwskazania do uprawiania pole dance?<\/strong><\/span><\/h5>\n<p style=\"text-align: left;\"><span style=\"color: #000000;\">Niestety tak. Nie zaleca si\u0119 uprawia\u0107 tego sportu kobietom w ci\u0105\u017cy, jak i w okresie po\u0142ogu. Tak\u017ce osoby maj\u0105ce problemy z kr\u0119gos\u0142upem nie powinny si\u0119 tego podejmowa\u0107. Je\u015bli przyjmujesz lekarstwa, kt\u00f3re wp\u0142ywaj\u0105 na zdolno\u015bci fizyczne lub psychiczne powinna\u015b skontaktowa\u0107 si\u0119 z lekarzem przed przyst\u0105pieniem do zaj\u0119\u0107 i poinformowa\u0107 o tym instruktork\u0119.<\/span><\/p>\n<\/div>\n<\/div><\/div><\/div><\/div><\/div><\/div><\/div>","protected":false},"excerpt":{"rendered":"<p>Jak si\u0119 przygotowa\u0107 do zaj\u0119\u0107? Na zaj\u0119cia pole dance we\u017a ze sob\u0105 przede wszystkim kr\u00f3tkie spodenki i t-shirt lub top sportowy. Na [&hellip;]<\/p>\n","protected":false},"author":1,"featured_media":0,"parent":0,"menu_order":0,"comment_status":"closed","ping_status":"closed","template":"page-templates\/page_front-page.php","meta":{"footnotes":""},"class_list":["post-129","page","type-page","status-publish","hentry"],"yoast_head":"<!-- This site is optimized with the Yoast SEO plugin v26.9 - https:\/\/yoast.com\/product\/yoast-seo-wordpress\/ -->\n<title>FAQ - Balance Studio<\/title>\n<meta name=\"robots\" content=\"index, follow, max-snippet:-1, max-image-preview:large, max-video-preview:-1\" \/>\n<link rel=\"canonical\" href=\"http:\/\/balance-studio.pl\/index.php\/faq\/\" \/>\n<meta property=\"og:locale\" content=\"pl_PL\" \/>\n<meta property=\"og:type\" content=\"article\" \/>\n<meta property=\"og:title\" content=\"FAQ - Balance Studio\" \/>\n<meta property=\"og:description\" content=\"Jak si\u0119 przygotowa\u0107 do zaj\u0119\u0107? Na zaj\u0119cia pole dance we\u017a ze sob\u0105 przede wszystkim kr\u00f3tkie spodenki i t-shirt lub top sportowy. Na [&hellip;]\" \/>\n<meta property=\"og:url\" content=\"http:\/\/balance-studio.pl\/index.php\/faq\/\" \/>\n<meta property=\"og:site_name\" content=\"Balance Studio\" \/>\n<meta property=\"article:modified_time\" content=\"2024-09-17T07:10:30+00:00\" \/>\n<meta property=\"og:image\" content=\"http:\/\/balance-studio.pl\/wp-content\/uploads\/2022\/12\/FAQs-300x284.png\" \/>\n<meta name=\"twitter:card\" content=\"summary_large_image\" \/>\n<meta name=\"twitter:label1\" content=\"Szacowany czas czytania\" \/>\n\t<meta name=\"twitter:data1\" content=\"4 minuty\" \/>\n<script type=\"application\/ld+json\" class=\"yoast-schema-graph\">{\"@context\":\"https:\/\/schema.org\",\"@graph\":[{\"@type\":\"WebPage\",\"@id\":\"http:\/\/balance-studio.pl\/index.php\/faq\/\",\"url\":\"http:\/\/balance-studio.pl\/index.php\/faq\/\",\"name\":\"FAQ - Balance Studio\",\"isPartOf\":{\"@id\":\"http:\/\/balance-studio.pl\/#website\"},\"primaryImageOfPage\":{\"@id\":\"http:\/\/balance-studio.pl\/index.php\/faq\/#primaryimage\"},\"image\":{\"@id\":\"http:\/\/balance-studio.pl\/index.php\/faq\/#primaryimage\"},\"thumbnailUrl\":\"http:\/\/balance-studio.pl\/wp-content\/uploads\/2022\/12\/FAQs-300x284.png\",\"datePublished\":\"2022-12-10T13:48:43+00:00\",\"dateModified\":\"2024-09-17T07:10:30+00:00\",\"breadcrumb\":{\"@id\":\"http:\/\/balance-studio.pl\/index.php\/faq\/#breadcrumb\"},\"inLanguage\":\"pl-PL\",\"potentialAction\":[{\"@type\":\"ReadAction\",\"target\":[\"http:\/\/balance-studio.pl\/index.php\/faq\/\"]}]},{\"@type\":\"ImageObject\",\"inLanguage\":\"pl-PL\",\"@id\":\"http:\/\/balance-studio.pl\/index.php\/faq\/#primaryimage\",\"url\":\"http:\/\/balance-studio.pl\/wp-content\/uploads\/2022\/12\/FAQs.png\",\"contentUrl\":\"http:\/\/balance-studio.pl\/wp-content\/uploads\/2022\/12\/FAQs.png\",\"width\":761,\"height\":721},{\"@type\":\"BreadcrumbList\",\"@id\":\"http:\/\/balance-studio.pl\/index.php\/faq\/#breadcrumb\",\"itemListElement\":[{\"@type\":\"ListItem\",\"position\":1,\"name\":\"Home\",\"item\":\"http:\/\/balance-studio.pl\/\"},{\"@type\":\"ListItem\",\"position\":2,\"name\":\"FAQ\"}]},{\"@type\":\"WebSite\",\"@id\":\"http:\/\/balance-studio.pl\/#website\",\"url\":\"http:\/\/balance-studio.pl\/\",\"name\":\"Balance Studio\",\"description\":\"\",\"potentialAction\":[{\"@type\":\"SearchAction\",\"target\":{\"@type\":\"EntryPoint\",\"urlTemplate\":\"http:\/\/balance-studio.pl\/?s={search_term_string}\"},\"query-input\":{\"@type\":\"PropertyValueSpecification\",\"valueRequired\":true,\"valueName\":\"search_term_string\"}}],\"inLanguage\":\"pl-PL\"}]}<\/script>\n<!-- \/ Yoast SEO plugin. -->","yoast_head_json":{"title":"FAQ - Balance Studio","robots":{"index":"index","follow":"follow","max-snippet":"max-snippet:-1","max-image-preview":"max-image-preview:large","max-video-preview":"max-video-preview:-1"},"canonical":"http:\/\/balance-studio.pl\/index.php\/faq\/","og_locale":"pl_PL","og_type":"article","og_title":"FAQ - Balance Studio","og_description":"Jak si\u0119 przygotowa\u0107 do zaj\u0119\u0107? Na zaj\u0119cia pole dance we\u017a ze sob\u0105 przede wszystkim kr\u00f3tkie spodenki i t-shirt lub top sportowy. Na [&hellip;]","og_url":"http:\/\/balance-studio.pl\/index.php\/faq\/","og_site_name":"Balance Studio","article_modified_time":"2024-09-17T07:10:30+00:00","og_image":[{"url":"http:\/\/balance-studio.pl\/wp-content\/uploads\/2022\/12\/FAQs-300x284.png","type":"","width":"","height":""}],"twitter_card":"summary_large_image","twitter_misc":{"Szacowany czas czytania":"4 minuty"},"schema":{"@context":"https:\/\/schema.org","@graph":[{"@type":"WebPage","@id":"http:\/\/balance-studio.pl\/index.php\/faq\/","url":"http:\/\/balance-studio.pl\/index.php\/faq\/","name":"FAQ - Balance Studio","isPartOf":{"@id":"http:\/\/balance-studio.pl\/#website"},"primaryImageOfPage":{"@id":"http:\/\/balance-studio.pl\/index.php\/faq\/#primaryimage"},"image":{"@id":"http:\/\/balance-studio.pl\/index.php\/faq\/#primaryimage"},"thumbnailUrl":"http:\/\/balance-studio.pl\/wp-content\/uploads\/2022\/12\/FAQs-300x284.png","datePublished":"2022-12-10T13:48:43+00:00","dateModified":"2024-09-17T07:10:30+00:00","breadcrumb":{"@id":"http:\/\/balance-studio.pl\/index.php\/faq\/#breadcrumb"},"inLanguage":"pl-PL","potentialAction":[{"@type":"ReadAction","target":["http:\/\/balance-studio.pl\/index.php\/faq\/"]}]},{"@type":"ImageObject","inLanguage":"pl-PL","@id":"http:\/\/balance-studio.pl\/index.php\/faq\/#primaryimage","url":"http:\/\/balance-studio.pl\/wp-content\/uploads\/2022\/12\/FAQs.png","contentUrl":"http:\/\/balance-studio.pl\/wp-content\/uploads\/2022\/12\/FAQs.png","width":761,"height":721},{"@type":"BreadcrumbList","@id":"http:\/\/balance-studio.pl\/index.php\/faq\/#breadcrumb","itemListElement":[{"@type":"ListItem","position":1,"name":"Home","item":"http:\/\/balance-studio.pl\/"},{"@type":"ListItem","position":2,"name":"FAQ"}]},{"@type":"WebSite","@id":"http:\/\/balance-studio.pl\/#website","url":"http:\/\/balance-studio.pl\/","name":"Balance Studio","description":"","potentialAction":[{"@type":"SearchAction","target":{"@type":"EntryPoint","urlTemplate":"http:\/\/balance-studio.pl\/?s={search_term_string}"},"query-input":{"@type":"PropertyValueSpecification","valueRequired":true,"valueName":"search_term_string"}}],"inLanguage":"pl-PL"}]}},"_links":{"self":[{"href":"http:\/\/balance-studio.pl\/index.php\/wp-json\/wp\/v2\/pages\/129","targetHints":{"allow":["GET"]}}],"collection":[{"href":"http:\/\/balance-studio.pl\/index.php\/wp-json\/wp\/v2\/pages"}],"about":[{"href":"http:\/\/balance-studio.pl\/index.php\/wp-json\/wp\/v2\/types\/page"}],"author":[{"embeddable":true,"href":"http:\/\/balance-studio.pl\/index.php\/wp-json\/wp\/v2\/users\/1"}],"replies":[{"embeddable":true,"href":"http:\/\/balance-studio.pl\/index.php\/wp-json\/wp\/v2\/comments?post=129"}],"version-history":[{"count":15,"href":"http:\/\/balance-studio.pl\/index.php\/wp-json\/wp\/v2\/pages\/129\/revisions"}],"predecessor-version":[{"id":1465,"href":"http:\/\/balance-studio.pl\/index.php\/wp-json\/wp\/v2\/pages\/129\/revisions\/1465"}],"wp:attachment":[{"href":"http:\/\/balance-studio.pl\/index.php\/wp-json\/wp\/v2\/media?parent=129"}],"curies":[{"name":"wp","href":"https:\/\/api.w.org\/{rel}","templated":true}]}}