{"id":43,"date":"2022-12-10T06:15:49","date_gmt":"2022-12-10T05:15:49","guid":{"rendered":"http:\/\/wordpress2213765.home.pl\/balance\/?page_id=43"},"modified":"2025-09-27T11:27:04","modified_gmt":"2025-09-27T09:27:04","slug":"kontakt","status":"publish","type":"page","link":"http:\/\/balance-studio.pl\/index.php\/kontakt\/","title":{"rendered":"Kontakt"},"content":{"rendered":"<div id=\"pl-43\"  class=\"panel-layout\" ><div id=\"pg-43-0\"  class=\"panel-grid panel-has-style\" ><div class=\"siteorigin-panels-stretch panel-row-style panel-row-style-for-43-0\" style=\"background-image: url(http:\/\/balance-studio.pl\/wp-content\/uploads\/2023\/03\/DSC09401.jpg);padding: 350px 0; \" data-stretch-type=\"full-width-stretch\" data-hasbg=\"hasbg\" data-overlay=\"true\" data-overlay-color=\"#6b6b6b\" ><div id=\"pgc-43-0-0\"  class=\"panel-grid-cell\" ><div id=\"panel-43-0-0-0\" class=\"so-panel widget widget_sow-editor panel-first-child panel-last-child\" data-index=\"0\" ><div style=\"text-align: left;\" data-title-color=\"#443f3f\" data-headings-color=\"#ffffff\" class=\"panel-widget-style panel-widget-style-for-43-0-0-0\" ><div\n\t\t\t\n\t\t\tclass=\"so-widget-sow-editor so-widget-sow-editor-base\"\n\t\t\t\n\t\t>\n<div class=\"siteorigin-widget-tinymce textwidget\">\n\t<h1 style=\"text-align: center;\">KONTAKT<\/h1>\n<\/div>\n<\/div><\/div><\/div><\/div><\/div><\/div><div id=\"pg-43-1\"  class=\"panel-grid panel-has-style\" ><div class=\"mob-pad-45 panel-row-style panel-row-style-for-43-1\" style=\"padding: 59px 0; \" data-overlay=\"true\" data-overlay-color=\"#000000\" ><div id=\"pgc-43-1-0\"  class=\"panel-grid-cell\" ><div id=\"panel-43-1-0-0\" class=\"so-panel widget widget_sow-contact-form panel-first-child panel-last-child\" data-index=\"1\" ><div style=\"text-align: left;\" data-title-color=\"#443f3f\" data-headings-color=\"#443f3f\" class=\"panel-widget-style panel-widget-style-for-43-1-0-0\" ><div\n\t\t\t\n\t\t\tclass=\"so-widget-sow-contact-form so-widget-sow-contact-form-default-1ee66f1d1262-43\"\n\t\t\t\n\t\t>\t<form\n\t\taction=\"\/index.php\/wp-json\/wp\/v2\/pages\/43\"\n\t\tmethod=\"POST\"\n\t\tclass=\"sow-contact-form\"\n\t\tid=\"contact-form-e17d\"\n\t>\n\n\t\t\n\t\t\t\t\t<div class=\"sow-form-field sow-form-field-name\">\n\t\t\t\t<label class=\"sow-form-field-label-above\" for=\"sow-contact-form-field-imie-i-nazwisko-1\">\n\t\t\t\t<strong>\n\t\t\t\t\tImi\u0119 i nazwisko\t\t\t\t\t\t\t\t\t<\/strong>\n\t\t\t<\/label>\n\t\t\t\t\t\t\t<div class=\"sow-field-container\">\n\t\t\t\t\t\t\t<input\n\t\t\ttype=\"text\"\n\t\t\tname=\"imie-i-nazwisko-1\"\n\t\t\tid=\"sow-contact-form-field-imie-i-nazwisko-1\"\n\t\t\tvalue=\"\"\n\t\t\tclass=\"sow-text-field\"\n\t\t\t\t\t\t\t\t\/>\n\t\t\t\t\t\t<\/div>\n\t\t\t\t\t\t\t<\/div>\n\t\t\t\t\t\t<div class=\"sow-form-field sow-form-field-email\">\n\t\t\t\t<label class=\"sow-form-field-label-above\" for=\"sow-contact-form-field-adres-e-mail-1\">\n\t\t\t\t<strong>\n\t\t\t\t\tAdres e-mail\t\t\t\t\t\t\t\t\t<\/strong>\n\t\t\t<\/label>\n\t\t\t\t\t\t\t<div class=\"sow-field-container\">\n\t\t\t\t\t\t\t<input\n\t\t\ttype=\"email\"\n\t\t\tname=\"adres-e-mail-1\"\n\t\t\tid=\"sow-contact-form-field-adres-e-mail-1\"\n\t\t\tvalue=\"\"\n\t\t\tclass=\"sow-text-field\"\t\t\t\t\t\t\t\t\/>\n\t\t\t\t\t\t<\/div>\n\t\t\t\t\t\t\t<\/div>\n\t\t\t\t\t\t<div class=\"sow-form-field sow-form-field-tel\">\n\t\t\t\t<label class=\"sow-form-field-label-above\" for=\"sow-contact-form-field-numer-telefonu-1\">\n\t\t\t\t<strong>\n\t\t\t\t\tNumer telefonu\t\t\t\t\t\t\t\t\t<\/strong>\n\t\t\t<\/label>\n\t\t\t\t\t\t\t<div class=\"sow-field-container\">\n\t\t\t\t\t\t\t<input\n\t\t\ttype=\"tel\"\n\t\t\tname=\"numer-telefonu-1\"\n\t\t\tid=\"sow-contact-form-field-numer-telefonu-1\"\n\t\t\tvalue=\"\"\n\t\t\tclass=\"sow-text-field\"\t\t\t\t\t\t\t\t\/>\n\t\t\t\t\t\t<\/div>\n\t\t\t\t\t\t\t<\/div>\n\t\t\t\t\t\t<div class=\"sow-form-field sow-form-field-textarea\">\n\t\t\t\t<label class=\"sow-form-field-label-above\" for=\"sow-contact-form-field-wiadomosc-1\">\n\t\t\t\t<strong>\n\t\t\t\t\tWiadomo\u015b\u0107\t\t\t\t\t\t\t\t\t<\/strong>\n\t\t\t<\/label>\n\t\t\t\t\t\t\t<div class=\"sow-field-container\">\n\t\t\t\t\t\t\t<textarea\n\t\t\tname=\"wiadomosc-1\"\n\t\t\tid=\"sow-contact-form-field-wiadomosc-1\"\n\t\t\trows=\"10\"\n\t\t\t\t\t\t\t\t><\/textarea>\n\t\t\t\t\t\t<\/div>\n\t\t\t\t\t\t\t<\/div>\n\t\t\t\t\t\t<input\n\t\t\t\ttype=\"text\"\n\t\t\t\tname=\"sow-name\"\n\t\t\t\tclass=\"sow-text-field\"\n\t\t\t\tstyle=\"display: none !important; visibility: hidden !important;\"\n\t\t\t\tautocomplete=\"off\"\n\t\t\t\taria-hidden=\"true\"\n\t\t\t>\n\t\t\n\t\t\n\t\t<div class=\"sow-submit-wrapper \n\t\tsow-submit-styled\t\t\">\n\n\t\t\t<button\n\t\t\t\ttype=\"submit\"\n\t\t\t\tclass=\"sow-submit\n\t\t\t\t\t\t\t\t\"\n\t\t\t\tdata-js-key=\"c4ca4238a0b923820dcc509a6f75849b\" \t\t\t>\n\t\t\t\tWy\u015blij\t\t\t<\/button>\n\t\t<\/div>\n\t\t\t\t<input\n\t\t\ttype=\"hidden\"\n\t\t\tname=\"instance_hash-1\"\n\t\t\tvalue=\"e17d470b\"\n\t\t\/>\n\n\t\t<input type=\"hidden\" id=\"_wpnonce\" name=\"_wpnonce\" value=\"651421309c\" \/><input type=\"hidden\" name=\"_wp_http_referer\" value=\"\/index.php\/wp-json\/wp\/v2\/pages\/43\" \/>\t<\/form>\n\t<\/div><\/div><\/div><\/div><\/div><\/div><div id=\"pg-43-2\"  class=\"panel-grid panel-has-style\" ><div class=\"siteorigin-panels-stretch panel-row-style panel-row-style-for-43-2\" style=\"padding: 0px 0; \" data-stretch-type=\"full-width-stretch\" data-overlay=\"true\" data-overlay-color=\"#6b6b6b\" ><div id=\"pgc-43-2-0\"  class=\"panel-grid-cell\" ><div id=\"panel-43-2-0-0\" class=\"so-panel widget widget_sow-editor panel-first-child panel-last-child\" data-index=\"2\" ><div style=\"text-align: left;\" data-title-color=\"#443f3f\" data-headings-color=\"#ffffff\" class=\"panel-widget-style panel-widget-style-for-43-2-0-0\" ><div\n\t\t\t\n\t\t\tclass=\"so-widget-sow-editor so-widget-sow-editor-base\"\n\t\t\t\n\t\t>\n<div class=\"siteorigin-widget-tinymce textwidget\">\n\t<p style=\"text-align: center;\"><strong>Dane kontaktowe:<\/strong><br \/>\nBalance Studio Natalia Lagios<br \/>\nul. Moniuszki 1, 62-040 Puszczykowo<br \/>\n<strong><br \/>\ntelefon<\/strong>: <a href=\"tel:798676329\">798-676-329<\/a><br \/>\n<strong>e-mail<\/strong>: info@balance-studio.pl<br \/>\n<strong>NIP<\/strong>: 7773117512<\/p>\n<p style=\"text-align: center;\"><strong>nr konta<\/strong>: 43 1160 2202 0000 0005 7596 4690<\/p>\n<p>&nbsp;<\/p>\n<p style=\"text-align: center;\"><strong>Jak do nas trafi\u0107?<\/strong><br \/>\nZnajdujemy si\u0119 w bliskiej odleg\u0142o\u015bci od dworca PKP w Puszczyk\u00f3wku i lodziarni Kostusiak.<br \/>\nW nowo wybudowanym budynku na parterze, za Rossmannem.<br \/>\nWej\u015bcie do studio znajduje si\u0119 w tylnym naro\u017cnikowym lokalu, od strony tor\u00f3w.<\/p>\n<p>&nbsp;<\/p>\n<\/div>\n<\/div><\/div><\/div><\/div><\/div><\/div><div id=\"pg-43-3\"  class=\"panel-grid panel-has-style\" ><div class=\"siteorigin-panels-stretch panel-row-style panel-row-style-for-43-3\" style=\"padding: 0px 0; \" data-stretch-type=\"full-width-stretch\" data-overlay=\"true\" data-overlay-color=\"#6b6b6b\" ><div id=\"pgc-43-3-0\"  class=\"panel-grid-cell\" ><div id=\"panel-43-3-0-0\" class=\"so-panel widget widget_sow-editor panel-first-child panel-last-child\" data-index=\"3\" ><div style=\"text-align: left;\" data-title-color=\"#443f3f\" data-headings-color=\"#443f3f\" class=\"panel-widget-style panel-widget-style-for-43-3-0-0\" ><div\n\t\t\t\n\t\t\tclass=\"so-widget-sow-editor so-widget-sow-editor-base\"\n\t\t\t\n\t\t>\n<div class=\"siteorigin-widget-tinymce textwidget\">\n\t<p style=\"text-align: center;\"><a href=\"https:\/\/www.google.com\/maps\/place\/Balance+Studio\/@52.2710745,16.85852,16.75z\/data=!4m6!3m5!1s0x4704513aa6fbe9ad:0x64432e7cdbf04f02!8m2!3d52.2708061!4d16.8622251!16s%2Fg%2F11vf3w79_0?entry=ttu\" target=\"_blank\" rel=\"noopener\"><img loading=\"lazy\" decoding=\"async\" class=\"alignnone wp-image-1408\" src=\"http:\/\/balance-studio.pl\/wp-content\/uploads\/2024\/02\/Balance_Map.jpg\" alt=\"\" width=\"800\" height=\"548\" srcset=\"http:\/\/balance-studio.pl\/wp-content\/uploads\/2024\/02\/Balance_Map.jpg 2289w, http:\/\/balance-studio.pl\/wp-content\/uploads\/2024\/02\/Balance_Map-300x206.jpg 300w, http:\/\/balance-studio.pl\/wp-content\/uploads\/2024\/02\/Balance_Map-1024x701.jpg 1024w, http:\/\/balance-studio.pl\/wp-content\/uploads\/2024\/02\/Balance_Map-768x526.jpg 768w, http:\/\/balance-studio.pl\/wp-content\/uploads\/2024\/02\/Balance_Map-1536x1052.jpg 1536w, http:\/\/balance-studio.pl\/wp-content\/uploads\/2024\/02\/Balance_Map-2048x1403.jpg 2048w, http:\/\/balance-studio.pl\/wp-content\/uploads\/2024\/02\/Balance_Map-1000x685.jpg 1000w, http:\/\/balance-studio.pl\/wp-content\/uploads\/2024\/02\/Balance_Map-230x158.jpg 230w, http:\/\/balance-studio.pl\/wp-content\/uploads\/2024\/02\/Balance_Map-350x240.jpg 350w, http:\/\/balance-studio.pl\/wp-content\/uploads\/2024\/02\/Balance_Map-480x329.jpg 480w\" sizes=\"auto, (max-width: 800px) 100vw, 800px\" \/><\/a><\/p>\n<\/div>\n<\/div><\/div><\/div><\/div><\/div><\/div><\/div>","protected":false},"excerpt":{"rendered":"<p>KONTAKT<\/p>\n","protected":false},"author":1,"featured_media":0,"parent":0,"menu_order":0,"comment_status":"closed","ping_status":"closed","template":"page-templates\/page_front-page.php","meta":{"footnotes":""},"class_list":["post-43","page","type-page","status-publish","hentry"],"yoast_head":"<!-- This site is optimized with the Yoast SEO plugin v26.9 - https:\/\/yoast.com\/product\/yoast-seo-wordpress\/ -->\n<title>Kontakt - Balance Studio<\/title>\n<meta name=\"description\" content=\"Zapraszamy do kontaktu, odpowiemy na wszelkie pytania dotycz\u0105ce zaj\u0119\u0107 oraz zapis\u00f3w przez aplikacj\u0119 fitssey.\" \/>\n<meta name=\"robots\" content=\"index, follow, max-snippet:-1, max-image-preview:large, max-video-preview:-1\" \/>\n<link rel=\"canonical\" href=\"http:\/\/balance-studio.pl\/index.php\/kontakt\/\" \/>\n<meta property=\"og:locale\" content=\"pl_PL\" \/>\n<meta property=\"og:type\" content=\"article\" \/>\n<meta property=\"og:title\" content=\"Kontakt - Balance Studio\" \/>\n<meta property=\"og:description\" content=\"Zapraszamy do kontaktu, odpowiemy na wszelkie pytania dotycz\u0105ce zaj\u0119\u0107 oraz zapis\u00f3w przez aplikacj\u0119 fitssey.\" \/>\n<meta property=\"og:url\" content=\"http:\/\/balance-studio.pl\/index.php\/kontakt\/\" \/>\n<meta property=\"og:site_name\" content=\"Balance Studio\" \/>\n<meta property=\"article:modified_time\" content=\"2025-09-27T09:27:04+00:00\" \/>\n<meta property=\"og:image\" content=\"http:\/\/balance-studio.pl\/wp-content\/uploads\/2024\/02\/Balance_Map.jpg\" \/>\n<meta name=\"twitter:card\" content=\"summary_large_image\" \/>\n<meta name=\"twitter:label1\" content=\"Szacowany czas czytania\" \/>\n\t<meta name=\"twitter:data1\" content=\"1 minuta\" \/>\n<script type=\"application\/ld+json\" class=\"yoast-schema-graph\">{\"@context\":\"https:\/\/schema.org\",\"@graph\":[{\"@type\":\"WebPage\",\"@id\":\"http:\/\/balance-studio.pl\/index.php\/kontakt\/\",\"url\":\"http:\/\/balance-studio.pl\/index.php\/kontakt\/\",\"name\":\"Kontakt - Balance Studio\",\"isPartOf\":{\"@id\":\"http:\/\/balance-studio.pl\/#website\"},\"primaryImageOfPage\":{\"@id\":\"http:\/\/balance-studio.pl\/index.php\/kontakt\/#primaryimage\"},\"image\":{\"@id\":\"http:\/\/balance-studio.pl\/index.php\/kontakt\/#primaryimage\"},\"thumbnailUrl\":\"http:\/\/balance-studio.pl\/wp-content\/uploads\/2024\/02\/Balance_Map.jpg\",\"datePublished\":\"2022-12-10T05:15:49+00:00\",\"dateModified\":\"2025-09-27T09:27:04+00:00\",\"description\":\"Zapraszamy do kontaktu, odpowiemy na wszelkie pytania dotycz\u0105ce zaj\u0119\u0107 oraz zapis\u00f3w przez aplikacj\u0119 fitssey.\",\"breadcrumb\":{\"@id\":\"http:\/\/balance-studio.pl\/index.php\/kontakt\/#breadcrumb\"},\"inLanguage\":\"pl-PL\",\"potentialAction\":[{\"@type\":\"ReadAction\",\"target\":[\"http:\/\/balance-studio.pl\/index.php\/kontakt\/\"]}]},{\"@type\":\"ImageObject\",\"inLanguage\":\"pl-PL\",\"@id\":\"http:\/\/balance-studio.pl\/index.php\/kontakt\/#primaryimage\",\"url\":\"http:\/\/balance-studio.pl\/wp-content\/uploads\/2024\/02\/Balance_Map.jpg\",\"contentUrl\":\"http:\/\/balance-studio.pl\/wp-content\/uploads\/2024\/02\/Balance_Map.jpg\",\"width\":2289,\"height\":1568},{\"@type\":\"BreadcrumbList\",\"@id\":\"http:\/\/balance-studio.pl\/index.php\/kontakt\/#breadcrumb\",\"itemListElement\":[{\"@type\":\"ListItem\",\"position\":1,\"name\":\"Home\",\"item\":\"http:\/\/balance-studio.pl\/\"},{\"@type\":\"ListItem\",\"position\":2,\"name\":\"Kontakt\"}]},{\"@type\":\"WebSite\",\"@id\":\"http:\/\/balance-studio.pl\/#website\",\"url\":\"http:\/\/balance-studio.pl\/\",\"name\":\"Balance Studio\",\"description\":\"\",\"potentialAction\":[{\"@type\":\"SearchAction\",\"target\":{\"@type\":\"EntryPoint\",\"urlTemplate\":\"http:\/\/balance-studio.pl\/?s={search_term_string}\"},\"query-input\":{\"@type\":\"PropertyValueSpecification\",\"valueRequired\":true,\"valueName\":\"search_term_string\"}}],\"inLanguage\":\"pl-PL\"}]}<\/script>\n<!-- \/ Yoast SEO plugin. -->","yoast_head_json":{"title":"Kontakt - Balance Studio","description":"Zapraszamy do kontaktu, odpowiemy na wszelkie pytania dotycz\u0105ce zaj\u0119\u0107 oraz zapis\u00f3w przez aplikacj\u0119 fitssey.","robots":{"index":"index","follow":"follow","max-snippet":"max-snippet:-1","max-image-preview":"max-image-preview:large","max-video-preview":"max-video-preview:-1"},"canonical":"http:\/\/balance-studio.pl\/index.php\/kontakt\/","og_locale":"pl_PL","og_type":"article","og_title":"Kontakt - Balance Studio","og_description":"Zapraszamy do kontaktu, odpowiemy na wszelkie pytania dotycz\u0105ce zaj\u0119\u0107 oraz zapis\u00f3w przez aplikacj\u0119 fitssey.","og_url":"http:\/\/balance-studio.pl\/index.php\/kontakt\/","og_site_name":"Balance Studio","article_modified_time":"2025-09-27T09:27:04+00:00","og_image":[{"url":"http:\/\/balance-studio.pl\/wp-content\/uploads\/2024\/02\/Balance_Map.jpg","type":"","width":"","height":""}],"twitter_card":"summary_large_image","twitter_misc":{"Szacowany czas czytania":"1 minuta"},"schema":{"@context":"https:\/\/schema.org","@graph":[{"@type":"WebPage","@id":"http:\/\/balance-studio.pl\/index.php\/kontakt\/","url":"http:\/\/balance-studio.pl\/index.php\/kontakt\/","name":"Kontakt - Balance Studio","isPartOf":{"@id":"http:\/\/balance-studio.pl\/#website"},"primaryImageOfPage":{"@id":"http:\/\/balance-studio.pl\/index.php\/kontakt\/#primaryimage"},"image":{"@id":"http:\/\/balance-studio.pl\/index.php\/kontakt\/#primaryimage"},"thumbnailUrl":"http:\/\/balance-studio.pl\/wp-content\/uploads\/2024\/02\/Balance_Map.jpg","datePublished":"2022-12-10T05:15:49+00:00","dateModified":"2025-09-27T09:27:04+00:00","description":"Zapraszamy do kontaktu, odpowiemy na wszelkie pytania dotycz\u0105ce zaj\u0119\u0107 oraz zapis\u00f3w przez aplikacj\u0119 fitssey.","breadcrumb":{"@id":"http:\/\/balance-studio.pl\/index.php\/kontakt\/#breadcrumb"},"inLanguage":"pl-PL","potentialAction":[{"@type":"ReadAction","target":["http:\/\/balance-studio.pl\/index.php\/kontakt\/"]}]},{"@type":"ImageObject","inLanguage":"pl-PL","@id":"http:\/\/balance-studio.pl\/index.php\/kontakt\/#primaryimage","url":"http:\/\/balance-studio.pl\/wp-content\/uploads\/2024\/02\/Balance_Map.jpg","contentUrl":"http:\/\/balance-studio.pl\/wp-content\/uploads\/2024\/02\/Balance_Map.jpg","width":2289,"height":1568},{"@type":"BreadcrumbList","@id":"http:\/\/balance-studio.pl\/index.php\/kontakt\/#breadcrumb","itemListElement":[{"@type":"ListItem","position":1,"name":"Home","item":"http:\/\/balance-studio.pl\/"},{"@type":"ListItem","position":2,"name":"Kontakt"}]},{"@type":"WebSite","@id":"http:\/\/balance-studio.pl\/#website","url":"http:\/\/balance-studio.pl\/","name":"Balance Studio","description":"","potentialAction":[{"@type":"SearchAction","target":{"@type":"EntryPoint","urlTemplate":"http:\/\/balance-studio.pl\/?s={search_term_string}"},"query-input":{"@type":"PropertyValueSpecification","valueRequired":true,"valueName":"search_term_string"}}],"inLanguage":"pl-PL"}]}},"_links":{"self":[{"href":"http:\/\/balance-studio.pl\/index.php\/wp-json\/wp\/v2\/pages\/43","targetHints":{"allow":["GET"]}}],"collection":[{"href":"http:\/\/balance-studio.pl\/index.php\/wp-json\/wp\/v2\/pages"}],"about":[{"href":"http:\/\/balance-studio.pl\/index.php\/wp-json\/wp\/v2\/types\/page"}],"author":[{"embeddable":true,"href":"http:\/\/balance-studio.pl\/index.php\/wp-json\/wp\/v2\/users\/1"}],"replies":[{"embeddable":true,"href":"http:\/\/balance-studio.pl\/index.php\/wp-json\/wp\/v2\/comments?post=43"}],"version-history":[{"count":56,"href":"http:\/\/balance-studio.pl\/index.php\/wp-json\/wp\/v2\/pages\/43\/revisions"}],"predecessor-version":[{"id":1518,"href":"http:\/\/balance-studio.pl\/index.php\/wp-json\/wp\/v2\/pages\/43\/revisions\/1518"}],"wp:attachment":[{"href":"http:\/\/balance-studio.pl\/index.php\/wp-json\/wp\/v2\/media?parent=43"}],"curies":[{"name":"wp","href":"https:\/\/api.w.org\/{rel}","templated":true}]}}