{"id":664,"date":"2023-03-01T10:41:31","date_gmt":"2023-03-01T09:41:31","guid":{"rendered":"http:\/\/balance-studio.pl\/?page_id=664"},"modified":"2025-09-27T11:29:32","modified_gmt":"2025-09-27T09:29:32","slug":"blog","status":"publish","type":"page","link":"http:\/\/balance-studio.pl\/index.php\/blog\/","title":{"rendered":"Blog"},"content":{"rendered":"<div id=\"pl-664\"  class=\"panel-layout\" ><div id=\"pg-664-0\"  class=\"panel-grid panel-has-style\" ><div class=\"siteorigin-panels-stretch panel-row-style panel-row-style-for-664-0\" style=\"background-image: url(http:\/\/balance-studio.pl\/wp-content\/uploads\/2022\/12\/leaves-pink.jpg);padding: 140px 0; \" data-stretch-type=\"full-width-stretch\" data-hasbg=\"hasbg\" data-overlay-color=\"#383838\" ><div id=\"pgc-664-0-0\"  class=\"panel-grid-cell\" ><div id=\"panel-664-0-0-0\" class=\"so-panel widget widget_sow-editor panel-first-child panel-last-child\" data-index=\"0\" ><div style=\"text-align: left;\" data-title-color=\"#ffffff\" data-headings-color=\"#ffffff\" class=\"panel-widget-style panel-widget-style-for-664-0-0-0\" ><div\n\t\t\t\n\t\t\tclass=\"so-widget-sow-editor so-widget-sow-editor-base\"\n\t\t\t\n\t\t>\n<div class=\"siteorigin-widget-tinymce textwidget\">\n\t<h1 style=\"text-align: center;\">BLOG<\/h1>\n<\/div>\n<\/div><\/div><\/div><\/div><\/div><\/div><div id=\"pg-664-1\"  class=\"panel-grid panel-has-style\" ><div class=\"siteorigin-panels-stretch panel-row-style panel-row-style-for-664-1\" style=\"padding: 50px 0; \" data-stretch-type=\"full\" data-overlay=\"true\" data-overlay-color=\"#000000\" ><div id=\"pgc-664-1-0\"  class=\"panel-grid-cell\" ><div id=\"panel-664-1-0-0\" class=\"so-panel widget widget_lsow-posts-carousel panel-first-child panel-last-child\" data-index=\"1\" ><div style=\"text-align: left;\" data-title-color=\"#ffffff\" class=\"panel-widget-style panel-widget-style-for-664-1-0-0\" ><div\n\t\t\t\n\t\t\tclass=\"so-widget-lsow-posts-carousel so-widget-lsow-posts-carousel-default-3dd089290af6-664\"\n\t\t\t\n\t\t><div id=\"lsow-posts-carousel-69f8605d6f49c\" class=\"lsow-posts-carousel lsow-container\" data-settings='{\"arrows\":true,\"dots\":true,\"autoplay_speed\":3000,\"animation_speed\":300,\"pause_on_hover\":true,\"display_columns\":3,\"scroll_columns\":3,\"gutter\":10,\"so_field_container_state\":\"open\",\"autoplay\":false,\"customize\":\"\",\"tablet_width\":800,\"tablet_display_columns\":2,\"tablet_scroll_columns\":2,\"mobile_width\":480,\"mobile_display_columns\":1,\"mobile_scroll_columns\":1}'><div data-id=\"id-1611\" class=\"lsow-posts-carousel-item\"><article id=\"post-1611\" class=\"post-1611 post type-post status-publish format-standard has-post-thumbnail hentry category-bez-kategorii\"><div class=\"lsow-project-image\"><a href=\"http:\/\/balance-studio.pl\/index.php\/2026\/04\/14\/pilates-na-reformerze-w-puszczykowie\/\" target=\"_self\"><img loading=\"lazy\" decoding=\"async\" width=\"350\" height=\"281\" src=\"http:\/\/balance-studio.pl\/wp-content\/uploads\/2026\/02\/Pilates_background-350x281.png\" class=\"attachment-sydney-service-thumb size-sydney-service-thumb wp-post-image\" alt=\"\" srcset=\"http:\/\/balance-studio.pl\/wp-content\/uploads\/2026\/02\/Pilates_background-350x281.png 350w, http:\/\/balance-studio.pl\/wp-content\/uploads\/2026\/02\/Pilates_background-300x241.png 300w, http:\/\/balance-studio.pl\/wp-content\/uploads\/2026\/02\/Pilates_background-768x616.png 768w, http:\/\/balance-studio.pl\/wp-content\/uploads\/2026\/02\/Pilates_background-230x185.png 230w, http:\/\/balance-studio.pl\/wp-content\/uploads\/2026\/02\/Pilates_background-480x385.png 480w, http:\/\/balance-studio.pl\/wp-content\/uploads\/2026\/02\/Pilates_background.png 900w\" sizes=\"auto, (max-width: 350px) 100vw, 350px\" \/><\/a><div class=\"lsow-image-info\"><div class=\"lsow-entry-info\"><h3 class=\"lsow-post-title\"><a href=\"http:\/\/balance-studio.pl\/index.php\/2026\/04\/14\/pilates-na-reformerze-w-puszczykowie\/\" title=\"Pilates na reformerze w Puszczykowie\" target=\"_self\" rel=\"bookmark\">Pilates na reformerze w Puszczykowie<\/a><\/h3><\/div><\/div><!-- .lsow-image-info --><\/div><div class=\"lsow-entry-text-wrap \"><h3 class=\"entry-title\"><a href=\"http:\/\/balance-studio.pl\/index.php\/2026\/04\/14\/pilates-na-reformerze-w-puszczykowie\/\" title=\"Pilates na reformerze w Puszczykowie\" target=\"_self\" rel=\"bookmark\">Pilates na reformerze w Puszczykowie<\/a><\/h3><div class=\"entry-summary\">Pilates na reformerze &#8211; ruch, kt\u00f3ry zmienia cia\u0142o i g\u0142ow\u0119 Coraz wi\u0119cej os\u00f3b szuka formy ruchu, kt\u00f3ra nie tylko wzmacnia cia\u0142o, ale [&hellip;]<\/div><div class=\"lsow-read-more\"><a href=\"http:\/\/balance-studio.pl\/index.php\/2026\/04\/14\/pilates-na-reformerze-w-puszczykowie\/\" target=\"_self\">Read More<\/a><\/div><\/div><\/article><!-- .hentry --><\/div><!-- .lsow-posts-carousel-item --><div data-id=\"id-1528\" class=\"lsow-posts-carousel-item\"><article id=\"post-1528\" class=\"post-1528 post type-post status-publish format-standard has-post-thumbnail hentry category-bez-kategorii\"><div class=\"lsow-project-image\"><a href=\"http:\/\/balance-studio.pl\/index.php\/2025\/09\/29\/zajecia-dla-dzieci-w-puszczykowie\/\" target=\"_self\"><img loading=\"lazy\" decoding=\"async\" width=\"350\" height=\"197\" src=\"http:\/\/balance-studio.pl\/wp-content\/uploads\/2025\/09\/5b0643df-e9ac-4d1f-8341-9be49719d1aa-350x197.jpg\" class=\"attachment-sydney-service-thumb size-sydney-service-thumb wp-post-image\" alt=\"\" srcset=\"http:\/\/balance-studio.pl\/wp-content\/uploads\/2025\/09\/5b0643df-e9ac-4d1f-8341-9be49719d1aa-350x197.jpg 350w, http:\/\/balance-studio.pl\/wp-content\/uploads\/2025\/09\/5b0643df-e9ac-4d1f-8341-9be49719d1aa-300x169.jpg 300w, http:\/\/balance-studio.pl\/wp-content\/uploads\/2025\/09\/5b0643df-e9ac-4d1f-8341-9be49719d1aa-1024x577.jpg 1024w, http:\/\/balance-studio.pl\/wp-content\/uploads\/2025\/09\/5b0643df-e9ac-4d1f-8341-9be49719d1aa-768x432.jpg 768w, http:\/\/balance-studio.pl\/wp-content\/uploads\/2025\/09\/5b0643df-e9ac-4d1f-8341-9be49719d1aa-1536x865.jpg 1536w, http:\/\/balance-studio.pl\/wp-content\/uploads\/2025\/09\/5b0643df-e9ac-4d1f-8341-9be49719d1aa-1000x563.jpg 1000w, http:\/\/balance-studio.pl\/wp-content\/uploads\/2025\/09\/5b0643df-e9ac-4d1f-8341-9be49719d1aa-230x129.jpg 230w, http:\/\/balance-studio.pl\/wp-content\/uploads\/2025\/09\/5b0643df-e9ac-4d1f-8341-9be49719d1aa-480x270.jpg 480w, http:\/\/balance-studio.pl\/wp-content\/uploads\/2025\/09\/5b0643df-e9ac-4d1f-8341-9be49719d1aa.jpg 2048w\" sizes=\"auto, (max-width: 350px) 100vw, 350px\" \/><\/a><div class=\"lsow-image-info\"><div class=\"lsow-entry-info\"><h3 class=\"lsow-post-title\"><a href=\"http:\/\/balance-studio.pl\/index.php\/2025\/09\/29\/zajecia-dla-dzieci-w-puszczykowie\/\" title=\"Zaj\u0119cia dla dzieci w Puszczykowie\" target=\"_self\" rel=\"bookmark\">Zaj\u0119cia dla dzieci w Puszczykowie<\/a><\/h3><\/div><\/div><!-- .lsow-image-info --><\/div><div class=\"lsow-entry-text-wrap \"><h3 class=\"entry-title\"><a href=\"http:\/\/balance-studio.pl\/index.php\/2025\/09\/29\/zajecia-dla-dzieci-w-puszczykowie\/\" title=\"Zaj\u0119cia dla dzieci w Puszczykowie\" target=\"_self\" rel=\"bookmark\">Zaj\u0119cia dla dzieci w Puszczykowie<\/a><\/h3><div class=\"entry-summary\">Aktywne dzieci w Puszczykowie \u2013 rurka, ko\u0142a, szarfy i nie tylko! W Puszczykowie ro\u015bnie nowe pokolenie ma\u0142ych akrobat\u00f3w i tancerek! Zaj\u0119cia ruchowe [&hellip;]<\/div><div class=\"lsow-read-more\"><a href=\"http:\/\/balance-studio.pl\/index.php\/2025\/09\/29\/zajecia-dla-dzieci-w-puszczykowie\/\" target=\"_self\">Read More<\/a><\/div><\/div><\/article><!-- .hentry --><\/div><!-- .lsow-posts-carousel-item --><div data-id=\"id-756\" class=\"lsow-posts-carousel-item\"><article id=\"post-756\" class=\"post-756 post type-post status-publish format-standard has-post-thumbnail hentry category-bez-kategorii\"><div class=\"lsow-project-image\"><a href=\"http:\/\/balance-studio.pl\/index.php\/2023\/03\/01\/jakie-treningi-uzupelniajace-wprowadzic-przy-trenowaniu-pole-dance-2\/\" target=\"_self\"><img loading=\"lazy\" decoding=\"async\" width=\"350\" height=\"234\" src=\"http:\/\/balance-studio.pl\/wp-content\/uploads\/2023\/02\/DS11442.jpg\" class=\"attachment-sydney-service-thumb size-sydney-service-thumb wp-post-image\" alt=\"\" \/><\/a><div class=\"lsow-image-info\"><div class=\"lsow-entry-info\"><h3 class=\"lsow-post-title\"><a href=\"http:\/\/balance-studio.pl\/index.php\/2023\/03\/01\/jakie-treningi-uzupelniajace-wprowadzic-przy-trenowaniu-pole-dance-2\/\" title=\"Jakie treningi uzupe\u0142niaj\u0105ce wprowadzi\u0107 przy trenowaniu pole dance?\" target=\"_self\" rel=\"bookmark\">Jakie treningi uzupe\u0142niaj\u0105ce wprowadzi\u0107 przy trenowaniu pole dance?<\/a><\/h3><\/div><\/div><!-- .lsow-image-info --><\/div><div class=\"lsow-entry-text-wrap \"><h3 class=\"entry-title\"><a href=\"http:\/\/balance-studio.pl\/index.php\/2023\/03\/01\/jakie-treningi-uzupelniajace-wprowadzic-przy-trenowaniu-pole-dance-2\/\" title=\"Jakie treningi uzupe\u0142niaj\u0105ce wprowadzi\u0107 przy trenowaniu pole dance?\" target=\"_self\" rel=\"bookmark\">Jakie treningi uzupe\u0142niaj\u0105ce wprowadzi\u0107 przy trenowaniu pole dance?<\/a><\/h3><div class=\"entry-summary\">Trening pole dance to wspania\u0142y spos\u00f3b na wzmocnienie si\u0142y, gibko\u015bci i wytrzyma\u0142o\u015bci ca\u0142ego cia\u0142a. Je\u015bli chcesz uzupe\u0142ni\u0107 swoje treningi pole dance, dzi\u0119ki [&hellip;]<\/div><div class=\"lsow-read-more\"><a href=\"http:\/\/balance-studio.pl\/index.php\/2023\/03\/01\/jakie-treningi-uzupelniajace-wprowadzic-przy-trenowaniu-pole-dance-2\/\" target=\"_self\">Read More<\/a><\/div><\/div><\/article><!-- .hentry --><\/div><!-- .lsow-posts-carousel-item --><div data-id=\"id-1\" class=\"lsow-posts-carousel-item\"><article id=\"post-1\" class=\"post-1 post type-post status-publish format-standard has-post-thumbnail hentry category-bez-kategorii\"><div class=\"lsow-project-image\"><a href=\"http:\/\/balance-studio.pl\/index.php\/2023\/03\/01\/jak-rozpoczac-treningi-pole-dance\/\" target=\"_self\"><img loading=\"lazy\" decoding=\"async\" width=\"350\" height=\"233\" src=\"http:\/\/balance-studio.pl\/wp-content\/uploads\/2023\/03\/DSC09286-350x233.jpg\" class=\"attachment-sydney-service-thumb size-sydney-service-thumb wp-post-image\" alt=\"\" srcset=\"http:\/\/balance-studio.pl\/wp-content\/uploads\/2023\/03\/DSC09286-350x233.jpg 350w, http:\/\/balance-studio.pl\/wp-content\/uploads\/2023\/03\/DSC09286-300x200.jpg 300w, http:\/\/balance-studio.pl\/wp-content\/uploads\/2023\/03\/DSC09286-1024x683.jpg 1024w, http:\/\/balance-studio.pl\/wp-content\/uploads\/2023\/03\/DSC09286-768x512.jpg 768w, http:\/\/balance-studio.pl\/wp-content\/uploads\/2023\/03\/DSC09286-1536x1025.jpg 1536w, http:\/\/balance-studio.pl\/wp-content\/uploads\/2023\/03\/DSC09286-1000x667.jpg 1000w, http:\/\/balance-studio.pl\/wp-content\/uploads\/2023\/03\/DSC09286-230x153.jpg 230w, http:\/\/balance-studio.pl\/wp-content\/uploads\/2023\/03\/DSC09286-480x320.jpg 480w, http:\/\/balance-studio.pl\/wp-content\/uploads\/2023\/03\/DSC09286-272x182.jpg 272w, http:\/\/balance-studio.pl\/wp-content\/uploads\/2023\/03\/DSC09286.jpg 2048w\" sizes=\"auto, (max-width: 350px) 100vw, 350px\" \/><\/a><div class=\"lsow-image-info\"><div class=\"lsow-entry-info\"><h3 class=\"lsow-post-title\"><a href=\"http:\/\/balance-studio.pl\/index.php\/2023\/03\/01\/jak-rozpoczac-treningi-pole-dance\/\" title=\"Jak rozpocz\u0105\u0107 treningi pole dance?\" target=\"_self\" rel=\"bookmark\">Jak rozpocz\u0105\u0107 treningi pole dance?<\/a><\/h3><\/div><\/div><!-- .lsow-image-info --><\/div><div class=\"lsow-entry-text-wrap \"><h3 class=\"entry-title\"><a href=\"http:\/\/balance-studio.pl\/index.php\/2023\/03\/01\/jak-rozpoczac-treningi-pole-dance\/\" title=\"Jak rozpocz\u0105\u0107 treningi pole dance?\" target=\"_self\" rel=\"bookmark\">Jak rozpocz\u0105\u0107 treningi pole dance?<\/a><\/h3><div class=\"entry-summary\">Je\u015bli chcesz rozpocz\u0105\u0107 zaj\u0119cia pole dance, wa\u017cne jest, aby dobrze si\u0119 do nich przygotowa\u0107. Oto kilka wskaz\u00f3wek, jak przygotowa\u0107 si\u0119 do zaj\u0119\u0107:<\/div><div class=\"lsow-read-more\"><a href=\"http:\/\/balance-studio.pl\/index.php\/2023\/03\/01\/jak-rozpoczac-treningi-pole-dance\/\" target=\"_self\">Read More<\/a><\/div><\/div><\/article><!-- .hentry --><\/div><!-- .lsow-posts-carousel-item --><div data-id=\"id-662\" class=\"lsow-posts-carousel-item\"><article id=\"post-662\" class=\"post-662 post type-post status-publish format-standard has-post-thumbnail hentry category-bez-kategorii\"><div class=\"lsow-project-image\"><a href=\"http:\/\/balance-studio.pl\/index.php\/2023\/02\/28\/jakie-treningi-uzupelniajace-wprowadzic-przy-trenowaniu-pole-dance\/\" target=\"_self\"><img loading=\"lazy\" decoding=\"async\" width=\"350\" height=\"233\" src=\"http:\/\/balance-studio.pl\/wp-content\/uploads\/2023\/02\/DSC09224-350x233.jpg\" class=\"attachment-sydney-service-thumb size-sydney-service-thumb wp-post-image\" alt=\"\" srcset=\"http:\/\/balance-studio.pl\/wp-content\/uploads\/2023\/02\/DSC09224-350x233.jpg 350w, http:\/\/balance-studio.pl\/wp-content\/uploads\/2023\/02\/DSC09224-300x200.jpg 300w, http:\/\/balance-studio.pl\/wp-content\/uploads\/2023\/02\/DSC09224-1024x683.jpg 1024w, http:\/\/balance-studio.pl\/wp-content\/uploads\/2023\/02\/DSC09224-768x512.jpg 768w, http:\/\/balance-studio.pl\/wp-content\/uploads\/2023\/02\/DSC09224-1536x1025.jpg 1536w, http:\/\/balance-studio.pl\/wp-content\/uploads\/2023\/02\/DSC09224-1000x667.jpg 1000w, http:\/\/balance-studio.pl\/wp-content\/uploads\/2023\/02\/DSC09224-230x153.jpg 230w, http:\/\/balance-studio.pl\/wp-content\/uploads\/2023\/02\/DSC09224-480x320.jpg 480w, http:\/\/balance-studio.pl\/wp-content\/uploads\/2023\/02\/DSC09224-272x182.jpg 272w, http:\/\/balance-studio.pl\/wp-content\/uploads\/2023\/02\/DSC09224.jpg 2048w\" sizes=\"auto, (max-width: 350px) 100vw, 350px\" \/><\/a><div class=\"lsow-image-info\"><div class=\"lsow-entry-info\"><h3 class=\"lsow-post-title\"><a href=\"http:\/\/balance-studio.pl\/index.php\/2023\/02\/28\/jakie-treningi-uzupelniajace-wprowadzic-przy-trenowaniu-pole-dance\/\" title=\"Cechy trenera idealnego! :)\" target=\"_self\" rel=\"bookmark\">Cechy trenera idealnego! \ud83d\ude42<\/a><\/h3><\/div><\/div><!-- .lsow-image-info --><\/div><div class=\"lsow-entry-text-wrap \"><h3 class=\"entry-title\"><a href=\"http:\/\/balance-studio.pl\/index.php\/2023\/02\/28\/jakie-treningi-uzupelniajace-wprowadzic-przy-trenowaniu-pole-dance\/\" title=\"Cechy trenera idealnego! :)\" target=\"_self\" rel=\"bookmark\">Cechy trenera idealnego! \ud83d\ude42<\/a><\/h3><div class=\"entry-summary\">Okej, przygotuj si\u0119 na troch\u0119 humoru! Idealny trener to osoba, kt\u00f3ra jest tak motywuj\u0105ca, \u017ce sam chcesz biec na si\u0142owni\u0119, kiedy z [&hellip;]<\/div><div class=\"lsow-read-more\"><a href=\"http:\/\/balance-studio.pl\/index.php\/2023\/02\/28\/jakie-treningi-uzupelniajace-wprowadzic-przy-trenowaniu-pole-dance\/\" target=\"_self\">Read More<\/a><\/div><\/div><\/article><!-- .hentry --><\/div><!-- .lsow-posts-carousel-item --><\/div><!-- .lsow-posts-carousel --><\/div><\/div><\/div><\/div><\/div><\/div><\/div>","protected":false},"excerpt":{"rendered":"<p>BLOG<\/p>\n","protected":false},"author":1,"featured_media":0,"parent":0,"menu_order":0,"comment_status":"closed","ping_status":"closed","template":"page-templates\/page_front-page.php","meta":{"footnotes":""},"class_list":["post-664","page","type-page","status-publish","hentry"],"yoast_head":"<!-- This site is optimized with the Yoast SEO plugin v26.9 - https:\/\/yoast.com\/product\/yoast-seo-wordpress\/ -->\n<title>Blog - Balance Studio<\/title>\n<meta name=\"robots\" content=\"index, follow, max-snippet:-1, max-image-preview:large, max-video-preview:-1\" \/>\n<link rel=\"canonical\" href=\"https:\/\/balance-studio.pl\/index.php\/blog\/\" \/>\n<meta property=\"og:locale\" content=\"pl_PL\" \/>\n<meta property=\"og:type\" content=\"article\" \/>\n<meta property=\"og:title\" content=\"Blog - Balance Studio\" \/>\n<meta property=\"og:description\" content=\"BLOG\" \/>\n<meta property=\"og:url\" content=\"https:\/\/balance-studio.pl\/index.php\/blog\/\" \/>\n<meta property=\"og:site_name\" content=\"Balance Studio\" \/>\n<meta property=\"article:modified_time\" content=\"2025-09-27T09:29:32+00:00\" \/>\n<meta name=\"twitter:card\" content=\"summary_large_image\" \/>\n<meta name=\"twitter:label1\" content=\"Szacowany czas czytania\" \/>\n\t<meta name=\"twitter:data1\" content=\"2 minuty\" \/>\n<script type=\"application\/ld+json\" class=\"yoast-schema-graph\">{\"@context\":\"https:\/\/schema.org\",\"@graph\":[{\"@type\":\"WebPage\",\"@id\":\"https:\/\/balance-studio.pl\/index.php\/blog\/\",\"url\":\"https:\/\/balance-studio.pl\/index.php\/blog\/\",\"name\":\"Blog - Balance Studio\",\"isPartOf\":{\"@id\":\"http:\/\/balance-studio.pl\/#website\"},\"datePublished\":\"2023-03-01T09:41:31+00:00\",\"dateModified\":\"2025-09-27T09:29:32+00:00\",\"breadcrumb\":{\"@id\":\"https:\/\/balance-studio.pl\/index.php\/blog\/#breadcrumb\"},\"inLanguage\":\"pl-PL\",\"potentialAction\":[{\"@type\":\"ReadAction\",\"target\":[\"https:\/\/balance-studio.pl\/index.php\/blog\/\"]}]},{\"@type\":\"BreadcrumbList\",\"@id\":\"https:\/\/balance-studio.pl\/index.php\/blog\/#breadcrumb\",\"itemListElement\":[{\"@type\":\"ListItem\",\"position\":1,\"name\":\"Home\",\"item\":\"http:\/\/balance-studio.pl\/\"},{\"@type\":\"ListItem\",\"position\":2,\"name\":\"Blog\"}]},{\"@type\":\"WebSite\",\"@id\":\"http:\/\/balance-studio.pl\/#website\",\"url\":\"http:\/\/balance-studio.pl\/\",\"name\":\"Balance Studio\",\"description\":\"\",\"potentialAction\":[{\"@type\":\"SearchAction\",\"target\":{\"@type\":\"EntryPoint\",\"urlTemplate\":\"http:\/\/balance-studio.pl\/?s={search_term_string}\"},\"query-input\":{\"@type\":\"PropertyValueSpecification\",\"valueRequired\":true,\"valueName\":\"search_term_string\"}}],\"inLanguage\":\"pl-PL\"}]}<\/script>\n<!-- \/ Yoast SEO plugin. -->","yoast_head_json":{"title":"Blog - Balance Studio","robots":{"index":"index","follow":"follow","max-snippet":"max-snippet:-1","max-image-preview":"max-image-preview:large","max-video-preview":"max-video-preview:-1"},"canonical":"https:\/\/balance-studio.pl\/index.php\/blog\/","og_locale":"pl_PL","og_type":"article","og_title":"Blog - Balance Studio","og_description":"BLOG","og_url":"https:\/\/balance-studio.pl\/index.php\/blog\/","og_site_name":"Balance Studio","article_modified_time":"2025-09-27T09:29:32+00:00","twitter_card":"summary_large_image","twitter_misc":{"Szacowany czas czytania":"2 minuty"},"schema":{"@context":"https:\/\/schema.org","@graph":[{"@type":"WebPage","@id":"https:\/\/balance-studio.pl\/index.php\/blog\/","url":"https:\/\/balance-studio.pl\/index.php\/blog\/","name":"Blog - Balance Studio","isPartOf":{"@id":"http:\/\/balance-studio.pl\/#website"},"datePublished":"2023-03-01T09:41:31+00:00","dateModified":"2025-09-27T09:29:32+00:00","breadcrumb":{"@id":"https:\/\/balance-studio.pl\/index.php\/blog\/#breadcrumb"},"inLanguage":"pl-PL","potentialAction":[{"@type":"ReadAction","target":["https:\/\/balance-studio.pl\/index.php\/blog\/"]}]},{"@type":"BreadcrumbList","@id":"https:\/\/balance-studio.pl\/index.php\/blog\/#breadcrumb","itemListElement":[{"@type":"ListItem","position":1,"name":"Home","item":"http:\/\/balance-studio.pl\/"},{"@type":"ListItem","position":2,"name":"Blog"}]},{"@type":"WebSite","@id":"http:\/\/balance-studio.pl\/#website","url":"http:\/\/balance-studio.pl\/","name":"Balance Studio","description":"","potentialAction":[{"@type":"SearchAction","target":{"@type":"EntryPoint","urlTemplate":"http:\/\/balance-studio.pl\/?s={search_term_string}"},"query-input":{"@type":"PropertyValueSpecification","valueRequired":true,"valueName":"search_term_string"}}],"inLanguage":"pl-PL"}]}},"_links":{"self":[{"href":"http:\/\/balance-studio.pl\/index.php\/wp-json\/wp\/v2\/pages\/664","targetHints":{"allow":["GET"]}}],"collection":[{"href":"http:\/\/balance-studio.pl\/index.php\/wp-json\/wp\/v2\/pages"}],"about":[{"href":"http:\/\/balance-studio.pl\/index.php\/wp-json\/wp\/v2\/types\/page"}],"author":[{"embeddable":true,"href":"http:\/\/balance-studio.pl\/index.php\/wp-json\/wp\/v2\/users\/1"}],"replies":[{"embeddable":true,"href":"http:\/\/balance-studio.pl\/index.php\/wp-json\/wp\/v2\/comments?post=664"}],"version-history":[{"count":34,"href":"http:\/\/balance-studio.pl\/index.php\/wp-json\/wp\/v2\/pages\/664\/revisions"}],"predecessor-version":[{"id":997,"href":"http:\/\/balance-studio.pl\/index.php\/wp-json\/wp\/v2\/pages\/664\/revisions\/997"}],"wp:attachment":[{"href":"http:\/\/balance-studio.pl\/index.php\/wp-json\/wp\/v2\/media?parent=664"}],"curies":[{"name":"wp","href":"https:\/\/api.w.org\/{rel}","templated":true}]}}