{"id":763,"date":"2023-03-02T10:53:08","date_gmt":"2023-03-02T09:53:08","guid":{"rendered":"http:\/\/balance-studio.pl\/?page_id=763"},"modified":"2026-01-05T09:51:44","modified_gmt":"2026-01-05T08:51:44","slug":"cennik","status":"publish","type":"page","link":"http:\/\/balance-studio.pl\/index.php\/cennik\/","title":{"rendered":"Cennik"},"content":{"rendered":"<div id=\"pl-763\"  class=\"panel-layout\" ><div id=\"pg-763-0\"  class=\"panel-grid panel-has-style\" ><div class=\"siteorigin-panels-stretch panel-row-style panel-row-style-for-763-0\" style=\"padding: 10px 0; \" data-stretch-type=\"full-width-stretch\" data-overlay=\"true\" data-overlay-color=\"#000000\" ><div id=\"pgc-763-0-0\"  class=\"panel-grid-cell\" ><div id=\"panel-763-0-0-0\" class=\"so-panel widget widget_media_image panel-first-child panel-last-child\" data-index=\"0\" ><div style=\"text-align: center;\" data-title-color=\"#443f3f\" data-headings-color=\"#443f3f\" class=\"panel-widget-style panel-widget-style-for-763-0-0-0\" ><img loading=\"lazy\" decoding=\"async\" width=\"722\" height=\"1024\" src=\"http:\/\/balance-studio.pl\/wp-content\/uploads\/2026\/01\/Cennik-2024-A5-722x1024.jpg\" class=\"image wp-image-1580  attachment-large size-large\" alt=\"\" style=\"max-width: 100%; height: auto;\" srcset=\"http:\/\/balance-studio.pl\/wp-content\/uploads\/2026\/01\/Cennik-2024-A5-722x1024.jpg 722w, http:\/\/balance-studio.pl\/wp-content\/uploads\/2026\/01\/Cennik-2024-A5-212x300.jpg 212w, http:\/\/balance-studio.pl\/wp-content\/uploads\/2026\/01\/Cennik-2024-A5-768x1089.jpg 768w, http:\/\/balance-studio.pl\/wp-content\/uploads\/2026\/01\/Cennik-2024-A5-1083x1536.jpg 1083w, http:\/\/balance-studio.pl\/wp-content\/uploads\/2026\/01\/Cennik-2024-A5-1000x1418.jpg 1000w, http:\/\/balance-studio.pl\/wp-content\/uploads\/2026\/01\/Cennik-2024-A5-230x326.jpg 230w, http:\/\/balance-studio.pl\/wp-content\/uploads\/2026\/01\/Cennik-2024-A5-350x496.jpg 350w, http:\/\/balance-studio.pl\/wp-content\/uploads\/2026\/01\/Cennik-2024-A5-480x681.jpg 480w, http:\/\/balance-studio.pl\/wp-content\/uploads\/2026\/01\/Cennik-2024-A5.jpg 1410w\" sizes=\"auto, (max-width: 722px) 100vw, 722px\" \/><\/div><\/div><\/div><\/div><\/div><div id=\"pg-763-1\"  class=\"panel-grid panel-has-style\" ><div class=\"siteorigin-panels-stretch panel-row-style panel-row-style-for-763-1\" style=\"padding: 10px 0; \" data-stretch-type=\"full\" data-overlay-color=\"#000000\" ><div id=\"pgc-763-1-0\"  class=\"panel-grid-cell\" ><div id=\"panel-763-1-0-0\" class=\"so-panel widget widget_sow-editor panel-first-child\" data-index=\"1\" ><div style=\"text-align: left;\" data-title-color=\"#443f3f\" data-headings-color=\"#ffffff\" class=\"panel-widget-style panel-widget-style-for-763-1-0-0\" ><div\n\t\t\t\n\t\t\tclass=\"so-widget-sow-editor so-widget-sow-editor-base\"\n\t\t\t\n\t\t>\n<div class=\"siteorigin-widget-tinymce textwidget\">\n\t<h2 style=\"text-align: center;\"><span style=\"color: #eb8383;\"><strong>Wa\u017cne zasady!<\/strong><\/span><\/h2>\n<ol>\n<li><span class=\"OYPEnA font-feature-liga-off font-feature-clig-off font-feature-calt-off text-decoration-none text-strikethrough-none\">Karnety <\/span><span class=\"OYPEnA font-feature-liga-off font-feature-clig-off font-feature-calt-off text-strikethrough-none text-decoration-underline\">z <strong>umow\u0105<\/strong><\/span> <span class=\"OYPEnA font-feature-liga-off font-feature-clig-off font-feature-calt-off text-strikethrough-none text-decoration-none\">wa\u017cne s\u0105 dany <\/span><span class=\"OYPEnA font-feature-liga-off font-feature-clig-off font-feature-calt-off text-strikethrough-none text-decoration-none\">miesi\u0105c kalendarzowy<\/span><span class=\"OYPEnA font-feature-liga-off font-feature-clig-off font-feature-calt-off text-strikethrough-none text-decoration-none\"> i<\/span> <span class=\"OYPEnA font-feature-liga-off font-feature-clig-off font-feature-calt-off text-strikethrough-none text-decoration-none\"><strong>gwarantuj\u0105 miejsce<\/strong> w wybranej grupie do ko\u0144ca sezonu 30.06.2025r.<\/span><\/li>\n<li><strong>P\u0141ATNO\u015aCI<\/strong> za karnet dokonujemy z g\u00f3ry. W przypadku karnet\u00f3w z umow\u0105 najdalej do <strong>10. dnia ka\u017cdego miesi\u0105ca<\/strong>.<\/li>\n<li style=\"text-align: left;\">Karnety <b>BEZ UMOWY <\/b>wa\u017cne s\u0105<b> 30 dni od daty aktywacji,<\/b><b>\u00a0<\/b>czyli od pierwszego wej\u015bcia<b>, <\/b>jednak <b>nie daj\u0105 gwarancji miejsca <\/b>w wybranej przez siebie grupie na ca\u0142y sezon, a jedynie na czas op\u0142aconego karnetu.<\/li>\n<li style=\"text-align: left;\">Gdy w miesi\u0105cu wypada mniej lub wi\u0119cej zaj\u0119\u0107, to p\u0142atno\u015b\u0107 za karnet naliczana jest <strong>proporcjonalnie<\/strong>, czyli:<br \/>\n<strong>DLA 1 REZERWACJI W TYGODNIU:<\/strong><br \/>\n3 treningi - 150 z\u0142<br \/>\n4 treningi - 200 z\u0142<br \/>\n5 trening\u00f3w - 250 z\u0142<br \/>\n<strong>DLA 2 REZERWACJI W TYGODNIU:<\/strong><br \/>\n7 trening\u00f3w - 320 z\u0142<br \/>\n8 trening\u00f3w - 340 z\u0142<br \/>\n9 trening\u00f3w 350 z\u0142<br \/>\n<strong>DLA 3 i wi\u0119cej REZERWACJI W TYGODNIU:<\/strong><br \/>\n11 trening\u00f3w - 370 z\u0142<br \/>\n12 trening\u00f3w - 380 z\u0142<br \/>\n13 trening\u00f3w - 390 z\u0142<\/li>\n<li style=\"text-align: left;\">P\u0142atno\u015bci dokonujemy bezpo\u015brednio w studio got\u00f3wk\u0105, kart\u0105 lub blikiem,<br \/>\na tak\u017ce online poprzez Przelewy24 lub przelewem tradycyjnym na poni\u017csze dane:<\/li>\n<\/ol>\n<p style=\"text-align: left;\"><strong>Dane do przelewu:<\/strong><br \/>\nBalance Studio Natalia Lagios<br \/>\n<strong>nr konta<\/strong>: 43 1160 2202 0000 0005 7596 4690<br \/>\n<strong>tytu\u0142em<\/strong>: imi\u0119 i nazwisko kursantki<\/p>\n<\/div>\n<\/div><\/div><\/div><div id=\"panel-763-1-0-1\" class=\"so-panel widget widget_sow-editor\" data-index=\"2\" ><div style=\"text-align: left;\" data-title-color=\"#443f3f\" data-headings-color=\"#0a0a0a\" class=\"panel-widget-style panel-widget-style-for-763-1-0-1\" ><div\n\t\t\t\n\t\t\tclass=\"so-widget-sow-editor so-widget-sow-editor-base\"\n\t\t\t\n\t\t>\n<div class=\"siteorigin-widget-tinymce textwidget\">\n\t<h2 style=\"text-align: center;\">Jeste\u015b gotowa?<\/h2>\n<\/div>\n<\/div><\/div><\/div><div id=\"panel-763-1-0-2\" class=\"so-panel widget widget_sow-button panel-last-child\" data-index=\"3\" ><div style=\"text-align: left;\" data-title-color=\"#443f3f\" data-headings-color=\"#443f3f\" class=\"panel-widget-style panel-widget-style-for-763-1-0-2\" ><div\n\t\t\t\n\t\t\tclass=\"so-widget-sow-button so-widget-sow-button-flat-4d4c8eedb468-763\"\n\t\t\t\n\t\t><div class=\"ow-button-base ow-button-align-center\"\n>\n\t\t\t<a\n\t\t\t\t\thref=\"http:\/\/balance-studio.pl\/index.php\/rezerwacja-zajec\/\"\n\t\t\t\t\tclass=\"sowb-button ow-icon-placement-left ow-button-hover\" \t>\n\t\t<span>\n\t\t\t\n\t\t\tZapisz si\u0119\t\t<\/span>\n\t\t\t<\/a>\n\t<\/div>\n<\/div><\/div><\/div><\/div><\/div><\/div><\/div>","protected":false},"excerpt":{"rendered":"<p>Wa\u017cne zasady! Karnety z umow\u0105 wa\u017cne s\u0105 dany miesi\u0105c kalendarzowy i gwarantuj\u0105 miejsce w wybranej grupie do ko\u0144ca sezonu 30.06.2025r. P\u0141ATNO\u015aCI za [&hellip;]<\/p>\n","protected":false},"author":1,"featured_media":1094,"parent":0,"menu_order":0,"comment_status":"closed","ping_status":"closed","template":"page-templates\/page_front-page.php","meta":{"footnotes":""},"class_list":["post-763","page","type-page","status-publish","has-post-thumbnail","hentry"],"yoast_head":"<!-- This site is optimized with the Yoast SEO plugin v26.9 - https:\/\/yoast.com\/product\/yoast-seo-wordpress\/ -->\n<title>Cennik - Balance Studio<\/title>\n<meta name=\"robots\" content=\"index, follow, max-snippet:-1, max-image-preview:large, max-video-preview:-1\" \/>\n<link rel=\"canonical\" href=\"https:\/\/balance-studio.pl\/index.php\/cennik\/\" \/>\n<meta property=\"og:locale\" content=\"pl_PL\" \/>\n<meta property=\"og:type\" content=\"article\" \/>\n<meta property=\"og:title\" content=\"Cennik - Balance Studio\" \/>\n<meta property=\"og:description\" content=\"Wa\u017cne zasady! Karnety z umow\u0105 wa\u017cne s\u0105 dany miesi\u0105c kalendarzowy i gwarantuj\u0105 miejsce w wybranej grupie do ko\u0144ca sezonu 30.06.2025r. P\u0141ATNO\u015aCI za [&hellip;]\" \/>\n<meta property=\"og:url\" content=\"https:\/\/balance-studio.pl\/index.php\/cennik\/\" \/>\n<meta property=\"og:site_name\" content=\"Balance Studio\" \/>\n<meta property=\"article:modified_time\" content=\"2026-01-05T08:51:44+00:00\" \/>\n<meta property=\"og:image\" content=\"https:\/\/balance-studio.pl\/wp-content\/uploads\/2023\/04\/Site-Icon_New_pink.png\" \/>\n\t<meta property=\"og:image:width\" content=\"1667\" \/>\n\t<meta property=\"og:image:height\" content=\"1667\" \/>\n\t<meta property=\"og:image:type\" content=\"image\/png\" \/>\n<meta name=\"twitter:card\" content=\"summary_large_image\" \/>\n<meta name=\"twitter:label1\" content=\"Szacowany czas czytania\" \/>\n\t<meta name=\"twitter:data1\" content=\"2 minuty\" \/>\n<script type=\"application\/ld+json\" class=\"yoast-schema-graph\">{\"@context\":\"https:\/\/schema.org\",\"@graph\":[{\"@type\":\"WebPage\",\"@id\":\"https:\/\/balance-studio.pl\/index.php\/cennik\/\",\"url\":\"https:\/\/balance-studio.pl\/index.php\/cennik\/\",\"name\":\"Cennik - Balance Studio\",\"isPartOf\":{\"@id\":\"http:\/\/balance-studio.pl\/#website\"},\"primaryImageOfPage\":{\"@id\":\"https:\/\/balance-studio.pl\/index.php\/cennik\/#primaryimage\"},\"image\":{\"@id\":\"https:\/\/balance-studio.pl\/index.php\/cennik\/#primaryimage\"},\"thumbnailUrl\":\"http:\/\/balance-studio.pl\/wp-content\/uploads\/2023\/04\/Site-Icon_New_pink.png\",\"datePublished\":\"2023-03-02T09:53:08+00:00\",\"dateModified\":\"2026-01-05T08:51:44+00:00\",\"breadcrumb\":{\"@id\":\"https:\/\/balance-studio.pl\/index.php\/cennik\/#breadcrumb\"},\"inLanguage\":\"pl-PL\",\"potentialAction\":[{\"@type\":\"ReadAction\",\"target\":[\"https:\/\/balance-studio.pl\/index.php\/cennik\/\"]}]},{\"@type\":\"ImageObject\",\"inLanguage\":\"pl-PL\",\"@id\":\"https:\/\/balance-studio.pl\/index.php\/cennik\/#primaryimage\",\"url\":\"http:\/\/balance-studio.pl\/wp-content\/uploads\/2023\/04\/Site-Icon_New_pink.png\",\"contentUrl\":\"http:\/\/balance-studio.pl\/wp-content\/uploads\/2023\/04\/Site-Icon_New_pink.png\",\"width\":1667,\"height\":1667},{\"@type\":\"BreadcrumbList\",\"@id\":\"https:\/\/balance-studio.pl\/index.php\/cennik\/#breadcrumb\",\"itemListElement\":[{\"@type\":\"ListItem\",\"position\":1,\"name\":\"Home\",\"item\":\"http:\/\/balance-studio.pl\/\"},{\"@type\":\"ListItem\",\"position\":2,\"name\":\"Cennik\"}]},{\"@type\":\"WebSite\",\"@id\":\"http:\/\/balance-studio.pl\/#website\",\"url\":\"http:\/\/balance-studio.pl\/\",\"name\":\"Balance Studio\",\"description\":\"\",\"potentialAction\":[{\"@type\":\"SearchAction\",\"target\":{\"@type\":\"EntryPoint\",\"urlTemplate\":\"http:\/\/balance-studio.pl\/?s={search_term_string}\"},\"query-input\":{\"@type\":\"PropertyValueSpecification\",\"valueRequired\":true,\"valueName\":\"search_term_string\"}}],\"inLanguage\":\"pl-PL\"}]}<\/script>\n<!-- \/ Yoast SEO plugin. -->","yoast_head_json":{"title":"Cennik - Balance Studio","robots":{"index":"index","follow":"follow","max-snippet":"max-snippet:-1","max-image-preview":"max-image-preview:large","max-video-preview":"max-video-preview:-1"},"canonical":"https:\/\/balance-studio.pl\/index.php\/cennik\/","og_locale":"pl_PL","og_type":"article","og_title":"Cennik - Balance Studio","og_description":"Wa\u017cne zasady! Karnety z umow\u0105 wa\u017cne s\u0105 dany miesi\u0105c kalendarzowy i gwarantuj\u0105 miejsce w wybranej grupie do ko\u0144ca sezonu 30.06.2025r. P\u0141ATNO\u015aCI za [&hellip;]","og_url":"https:\/\/balance-studio.pl\/index.php\/cennik\/","og_site_name":"Balance Studio","article_modified_time":"2026-01-05T08:51:44+00:00","og_image":[{"width":1667,"height":1667,"url":"https:\/\/balance-studio.pl\/wp-content\/uploads\/2023\/04\/Site-Icon_New_pink.png","type":"image\/png"}],"twitter_card":"summary_large_image","twitter_misc":{"Szacowany czas czytania":"2 minuty"},"schema":{"@context":"https:\/\/schema.org","@graph":[{"@type":"WebPage","@id":"https:\/\/balance-studio.pl\/index.php\/cennik\/","url":"https:\/\/balance-studio.pl\/index.php\/cennik\/","name":"Cennik - Balance Studio","isPartOf":{"@id":"http:\/\/balance-studio.pl\/#website"},"primaryImageOfPage":{"@id":"https:\/\/balance-studio.pl\/index.php\/cennik\/#primaryimage"},"image":{"@id":"https:\/\/balance-studio.pl\/index.php\/cennik\/#primaryimage"},"thumbnailUrl":"http:\/\/balance-studio.pl\/wp-content\/uploads\/2023\/04\/Site-Icon_New_pink.png","datePublished":"2023-03-02T09:53:08+00:00","dateModified":"2026-01-05T08:51:44+00:00","breadcrumb":{"@id":"https:\/\/balance-studio.pl\/index.php\/cennik\/#breadcrumb"},"inLanguage":"pl-PL","potentialAction":[{"@type":"ReadAction","target":["https:\/\/balance-studio.pl\/index.php\/cennik\/"]}]},{"@type":"ImageObject","inLanguage":"pl-PL","@id":"https:\/\/balance-studio.pl\/index.php\/cennik\/#primaryimage","url":"http:\/\/balance-studio.pl\/wp-content\/uploads\/2023\/04\/Site-Icon_New_pink.png","contentUrl":"http:\/\/balance-studio.pl\/wp-content\/uploads\/2023\/04\/Site-Icon_New_pink.png","width":1667,"height":1667},{"@type":"BreadcrumbList","@id":"https:\/\/balance-studio.pl\/index.php\/cennik\/#breadcrumb","itemListElement":[{"@type":"ListItem","position":1,"name":"Home","item":"http:\/\/balance-studio.pl\/"},{"@type":"ListItem","position":2,"name":"Cennik"}]},{"@type":"WebSite","@id":"http:\/\/balance-studio.pl\/#website","url":"http:\/\/balance-studio.pl\/","name":"Balance Studio","description":"","potentialAction":[{"@type":"SearchAction","target":{"@type":"EntryPoint","urlTemplate":"http:\/\/balance-studio.pl\/?s={search_term_string}"},"query-input":{"@type":"PropertyValueSpecification","valueRequired":true,"valueName":"search_term_string"}}],"inLanguage":"pl-PL"}]}},"_links":{"self":[{"href":"http:\/\/balance-studio.pl\/index.php\/wp-json\/wp\/v2\/pages\/763","targetHints":{"allow":["GET"]}}],"collection":[{"href":"http:\/\/balance-studio.pl\/index.php\/wp-json\/wp\/v2\/pages"}],"about":[{"href":"http:\/\/balance-studio.pl\/index.php\/wp-json\/wp\/v2\/types\/page"}],"author":[{"embeddable":true,"href":"http:\/\/balance-studio.pl\/index.php\/wp-json\/wp\/v2\/users\/1"}],"replies":[{"embeddable":true,"href":"http:\/\/balance-studio.pl\/index.php\/wp-json\/wp\/v2\/comments?post=763"}],"version-history":[{"count":76,"href":"http:\/\/balance-studio.pl\/index.php\/wp-json\/wp\/v2\/pages\/763\/revisions"}],"predecessor-version":[{"id":1581,"href":"http:\/\/balance-studio.pl\/index.php\/wp-json\/wp\/v2\/pages\/763\/revisions\/1581"}],"wp:featuredmedia":[{"embeddable":true,"href":"http:\/\/balance-studio.pl\/index.php\/wp-json\/wp\/v2\/media\/1094"}],"wp:attachment":[{"href":"http:\/\/balance-studio.pl\/index.php\/wp-json\/wp\/v2\/media?parent=763"}],"curies":[{"name":"wp","href":"https:\/\/api.w.org\/{rel}","templated":true}]}}