{"id":794,"date":"2023-03-02T11:39:14","date_gmt":"2023-03-02T10:39:14","guid":{"rendered":"https:\/\/balance-studio.pl\/?page_id=794"},"modified":"2023-07-20T12:18:21","modified_gmt":"2023-07-20T10:18:21","slug":"joga","status":"publish","type":"page","link":"https:\/\/balance-studio.pl\/index.php\/joga\/","title":{"rendered":"Yoga"},"content":{"rendered":"<div id=\"pl-794\"  class=\"panel-layout\" ><div id=\"pg-794-0\"  class=\"panel-grid panel-has-style\" ><div class=\"siteorigin-panels-stretch mob-pad-45 panel-row-style panel-row-style-for-794-0\" style=\"background-image: url(https:\/\/balance-studio.pl\/wp-content\/uploads\/2023\/03\/DS11423.jpg);padding: 350px 0; \" data-stretch-type=\"full-stretched\" data-hasbg=\"hasbg\" data-overlay-color=\"#000000\" ><div id=\"pgc-794-0-0\"  class=\"panel-grid-cell\" ><div id=\"panel-794-0-0-0\" class=\"so-panel widget widget_sow-editor panel-first-child panel-last-child\" data-index=\"0\" ><div style=\"text-align: left;\" data-title-color=\"#443f3f\" data-headings-color=\"#ffffff\" class=\"panel-widget-style panel-widget-style-for-794-0-0-0\" ><div\n\t\t\t\n\t\t\tclass=\"so-widget-sow-editor so-widget-sow-editor-base\"\n\t\t\t\n\t\t>\n<div class=\"siteorigin-widget-tinymce textwidget\">\n\t<h1 style=\"text-align: center;\">YOGA<\/h1>\n<\/div>\n<\/div><\/div><\/div><\/div><\/div><\/div><div id=\"pg-794-1\"  class=\"panel-grid panel-has-style\" ><div class=\"siteorigin-panels-stretch panel-row-style panel-row-style-for-794-1\" style=\"padding: 10px 0; \" data-stretch-type=\"full\" data-overlay=\"true\" data-overlay-color=\"#000000\" ><div id=\"pgc-794-1-0\"  class=\"panel-grid-cell\" ><div id=\"panel-794-1-0-0\" class=\"so-panel widget widget_sow-editor panel-first-child panel-last-child\" data-index=\"1\" ><div class=\"aos-init panel-widget-style panel-widget-style-for-794-1-0-0\" style=\"text-align: left;\" data-aos=\"fade\" data-aos-duration=\"600\" data-aos-easing=\"linear\" data-aos-delay=\"300\" data-aos-anchor-placement=\"top-bottom\" data-aos-once=\"true\" data-title-color=\"#443f3f\" data-headings-color=\"#443f3f\" ><div\n\t\t\t\n\t\t\tclass=\"so-widget-sow-editor so-widget-sow-editor-base\"\n\t\t\t\n\t\t>\n<div class=\"siteorigin-widget-tinymce textwidget\">\n\t<h3><a href=\"https:\/\/balance-studio.pl\/index.php\/joga\/\"><img loading=\"lazy\" decoding=\"async\" class=\"aligncenter wp-image-275\" src=\"http:\/\/wordpress2213765.home.pl\/balance\/wp-content\/uploads\/2022\/12\/Yoga.png\" alt=\"\" width=\"50\" height=\"50\" srcset=\"https:\/\/balance-studio.pl\/wp-content\/uploads\/2022\/12\/Yoga.png 241w, https:\/\/balance-studio.pl\/wp-content\/uploads\/2022\/12\/Yoga-150x150.png 150w, https:\/\/balance-studio.pl\/wp-content\/uploads\/2022\/12\/Yoga-230x230.png 230w\" sizes=\"auto, (max-width: 50px) 100vw, 50px\" \/><\/a><\/h3>\n<p style=\"text-align: center;\">Ponadczasowa forma ruchu ukierunkowana na \u015bwiadom\u0105 prac\u0119 z cia\u0142em i oddechem oraz medytacj\u0119. Regularna praktyka yogi pozwala nam zachowa\u0107 wi\u0119kszy spok\u00f3j oraz jasno\u015b\u0107 umys\u0142u, a tak\u017ce wzmocni\u0107 i uelastyczni\u0107 cia\u0142o.<\/p>\n<\/div>\n<\/div><\/div><\/div><\/div><\/div><\/div><div id=\"pg-794-2\"  class=\"panel-grid panel-has-style\" ><div class=\"aos-init siteorigin-panels-stretch panel-row-style panel-row-style-for-794-2\" style=\"padding: 20px 0; \" data-aos=\"fade\" data-aos-duration=\"600\" data-aos-easing=\"linear\" data-aos-delay=\"300\" data-aos-anchor-placement=\"top-bottom\" data-aos-once=\"true\" data-stretch-type=\"full\" data-overlay=\"true\" data-overlay-color=\"#000000\" ><div id=\"pgc-794-2-0\"  class=\"panel-grid-cell\" ><div id=\"panel-794-2-0-0\" class=\"so-panel widget widget_sow-editor panel-first-child\" data-index=\"2\" ><div style=\"text-align: left;\" data-title-color=\"#443f3f\" data-headings-color=\"#443f3f\" class=\"panel-widget-style panel-widget-style-for-794-2-0-0\" ><div\n\t\t\t\n\t\t\tclass=\"so-widget-sow-editor so-widget-sow-editor-base\"\n\t\t\t\n\t\t>\n<div class=\"siteorigin-widget-tinymce textwidget\">\n\t<h2 style=\"text-align: center;\">Jeste\u015b gotowa?<\/h2>\n<\/div>\n<\/div><\/div><\/div><div id=\"panel-794-2-0-1\" class=\"so-panel widget widget_sow-button panel-last-child\" data-index=\"3\" ><div style=\"text-align: left;\" data-title-color=\"#443f3f\" data-headings-color=\"#443f3f\" class=\"panel-widget-style panel-widget-style-for-794-2-0-1\" ><div\n\t\t\t\n\t\t\tclass=\"so-widget-sow-button so-widget-sow-button-flat-33cfb73a5cf3-794\"\n\t\t\t\n\t\t><div class=\"ow-button-base ow-button-align-center\"\n>\n\t\t\t<a\n\t\t\t\t\thref=\"http:\/\/balance-studio.pl\/index.php\/rezerwacja-zajec\/\"\n\t\t\t\t\tclass=\"sowb-button ow-icon-placement-left ow-button-hover\" \t>\n\t\t<span>\n\t\t\t\n\t\t\tZapisz si\u0119\t\t<\/span>\n\t\t\t<\/a>\n\t<\/div>\n<\/div><\/div><\/div><\/div><\/div><\/div><\/div>","protected":false},"excerpt":{"rendered":"<p>YOGA Ponadczasowa forma ruchu ukierunkowana na \u015bwiadom\u0105 prac\u0119 z cia\u0142em i oddechem oraz medytacj\u0119. Regularna praktyka yogi pozwala nam zachowa\u0107 wi\u0119kszy spok\u00f3j [&hellip;]<\/p>\n","protected":false},"author":1,"featured_media":0,"parent":0,"menu_order":0,"comment_status":"closed","ping_status":"closed","template":"page-templates\/page_front-page.php","meta":{"footnotes":""},"class_list":["post-794","page","type-page","status-publish","hentry"],"yoast_head":"<!-- This site is optimized with the Yoast SEO plugin v26.9 - https:\/\/yoast.com\/product\/yoast-seo-wordpress\/ -->\n<title>Yoga - Balance Studio<\/title>\n<meta name=\"description\" content=\"Ponadczasowa forma ruchu ukierunkowana na \u015bwiadom\u0105 prac\u0119 z cia\u0142em i oddechem oraz medytacj\u0119. Regularna praktyka yogi pozwala nam zachowa\u0107 wi\u0119kszy spok\u00f3j oraz jasno\u015b\u0107 umys\u0142u, a tak\u017ce wzmocni\u0107 i uelastyczni\u0107 cia\u0142o.\" \/>\n<meta name=\"robots\" content=\"index, follow, max-snippet:-1, max-image-preview:large, max-video-preview:-1\" \/>\n<link rel=\"canonical\" href=\"https:\/\/balance-studio.pl\/index.php\/joga\/\" \/>\n<meta property=\"og:locale\" content=\"pl_PL\" \/>\n<meta property=\"og:type\" content=\"article\" \/>\n<meta property=\"og:title\" content=\"Yoga - Balance Studio\" \/>\n<meta property=\"og:description\" content=\"Ponadczasowa forma ruchu ukierunkowana na \u015bwiadom\u0105 prac\u0119 z cia\u0142em i oddechem oraz medytacj\u0119. Regularna praktyka yogi pozwala nam zachowa\u0107 wi\u0119kszy spok\u00f3j oraz jasno\u015b\u0107 umys\u0142u, a tak\u017ce wzmocni\u0107 i uelastyczni\u0107 cia\u0142o.\" \/>\n<meta property=\"og:url\" content=\"https:\/\/balance-studio.pl\/index.php\/joga\/\" \/>\n<meta property=\"og:site_name\" content=\"Balance Studio\" \/>\n<meta property=\"article:modified_time\" content=\"2023-07-20T10:18:21+00:00\" \/>\n<meta property=\"og:image\" content=\"http:\/\/wordpress2213765.home.pl\/balance\/wp-content\/uploads\/2022\/12\/Yoga.png\" \/>\n<meta name=\"twitter:card\" content=\"summary_large_image\" \/>\n<meta name=\"twitter:label1\" content=\"Szacowany czas czytania\" \/>\n\t<meta name=\"twitter:data1\" content=\"1 minuta\" \/>\n<script type=\"application\/ld+json\" class=\"yoast-schema-graph\">{\"@context\":\"https:\/\/schema.org\",\"@graph\":[{\"@type\":\"WebPage\",\"@id\":\"https:\/\/balance-studio.pl\/index.php\/joga\/\",\"url\":\"https:\/\/balance-studio.pl\/index.php\/joga\/\",\"name\":\"Yoga - Balance Studio\",\"isPartOf\":{\"@id\":\"http:\/\/balance-studio.pl\/#website\"},\"primaryImageOfPage\":{\"@id\":\"https:\/\/balance-studio.pl\/index.php\/joga\/#primaryimage\"},\"image\":{\"@id\":\"https:\/\/balance-studio.pl\/index.php\/joga\/#primaryimage\"},\"thumbnailUrl\":\"http:\/\/wordpress2213765.home.pl\/balance\/wp-content\/uploads\/2022\/12\/Yoga.png\",\"datePublished\":\"2023-03-02T10:39:14+00:00\",\"dateModified\":\"2023-07-20T10:18:21+00:00\",\"description\":\"Ponadczasowa forma ruchu ukierunkowana na \u015bwiadom\u0105 prac\u0119 z cia\u0142em i oddechem oraz medytacj\u0119. Regularna praktyka yogi pozwala nam zachowa\u0107 wi\u0119kszy spok\u00f3j oraz jasno\u015b\u0107 umys\u0142u, a tak\u017ce wzmocni\u0107 i uelastyczni\u0107 cia\u0142o.\",\"breadcrumb\":{\"@id\":\"https:\/\/balance-studio.pl\/index.php\/joga\/#breadcrumb\"},\"inLanguage\":\"pl-PL\",\"potentialAction\":[{\"@type\":\"ReadAction\",\"target\":[\"https:\/\/balance-studio.pl\/index.php\/joga\/\"]}]},{\"@type\":\"ImageObject\",\"inLanguage\":\"pl-PL\",\"@id\":\"https:\/\/balance-studio.pl\/index.php\/joga\/#primaryimage\",\"url\":\"http:\/\/wordpress2213765.home.pl\/balance\/wp-content\/uploads\/2022\/12\/Yoga.png\",\"contentUrl\":\"http:\/\/wordpress2213765.home.pl\/balance\/wp-content\/uploads\/2022\/12\/Yoga.png\"},{\"@type\":\"BreadcrumbList\",\"@id\":\"https:\/\/balance-studio.pl\/index.php\/joga\/#breadcrumb\",\"itemListElement\":[{\"@type\":\"ListItem\",\"position\":1,\"name\":\"Home\",\"item\":\"http:\/\/balance-studio.pl\/\"},{\"@type\":\"ListItem\",\"position\":2,\"name\":\"Yoga\"}]},{\"@type\":\"WebSite\",\"@id\":\"http:\/\/balance-studio.pl\/#website\",\"url\":\"http:\/\/balance-studio.pl\/\",\"name\":\"Balance Studio\",\"description\":\"\",\"potentialAction\":[{\"@type\":\"SearchAction\",\"target\":{\"@type\":\"EntryPoint\",\"urlTemplate\":\"http:\/\/balance-studio.pl\/?s={search_term_string}\"},\"query-input\":{\"@type\":\"PropertyValueSpecification\",\"valueRequired\":true,\"valueName\":\"search_term_string\"}}],\"inLanguage\":\"pl-PL\"}]}<\/script>\n<!-- \/ Yoast SEO plugin. -->","yoast_head_json":{"title":"Yoga - Balance Studio","description":"Ponadczasowa forma ruchu ukierunkowana na \u015bwiadom\u0105 prac\u0119 z cia\u0142em i oddechem oraz medytacj\u0119. Regularna praktyka yogi pozwala nam zachowa\u0107 wi\u0119kszy spok\u00f3j oraz jasno\u015b\u0107 umys\u0142u, a tak\u017ce wzmocni\u0107 i uelastyczni\u0107 cia\u0142o.","robots":{"index":"index","follow":"follow","max-snippet":"max-snippet:-1","max-image-preview":"max-image-preview:large","max-video-preview":"max-video-preview:-1"},"canonical":"https:\/\/balance-studio.pl\/index.php\/joga\/","og_locale":"pl_PL","og_type":"article","og_title":"Yoga - Balance Studio","og_description":"Ponadczasowa forma ruchu ukierunkowana na \u015bwiadom\u0105 prac\u0119 z cia\u0142em i oddechem oraz medytacj\u0119. Regularna praktyka yogi pozwala nam zachowa\u0107 wi\u0119kszy spok\u00f3j oraz jasno\u015b\u0107 umys\u0142u, a tak\u017ce wzmocni\u0107 i uelastyczni\u0107 cia\u0142o.","og_url":"https:\/\/balance-studio.pl\/index.php\/joga\/","og_site_name":"Balance Studio","article_modified_time":"2023-07-20T10:18:21+00:00","og_image":[{"url":"http:\/\/wordpress2213765.home.pl\/balance\/wp-content\/uploads\/2022\/12\/Yoga.png","type":"","width":"","height":""}],"twitter_card":"summary_large_image","twitter_misc":{"Szacowany czas czytania":"1 minuta"},"schema":{"@context":"https:\/\/schema.org","@graph":[{"@type":"WebPage","@id":"https:\/\/balance-studio.pl\/index.php\/joga\/","url":"https:\/\/balance-studio.pl\/index.php\/joga\/","name":"Yoga - Balance Studio","isPartOf":{"@id":"http:\/\/balance-studio.pl\/#website"},"primaryImageOfPage":{"@id":"https:\/\/balance-studio.pl\/index.php\/joga\/#primaryimage"},"image":{"@id":"https:\/\/balance-studio.pl\/index.php\/joga\/#primaryimage"},"thumbnailUrl":"http:\/\/wordpress2213765.home.pl\/balance\/wp-content\/uploads\/2022\/12\/Yoga.png","datePublished":"2023-03-02T10:39:14+00:00","dateModified":"2023-07-20T10:18:21+00:00","description":"Ponadczasowa forma ruchu ukierunkowana na \u015bwiadom\u0105 prac\u0119 z cia\u0142em i oddechem oraz medytacj\u0119. Regularna praktyka yogi pozwala nam zachowa\u0107 wi\u0119kszy spok\u00f3j oraz jasno\u015b\u0107 umys\u0142u, a tak\u017ce wzmocni\u0107 i uelastyczni\u0107 cia\u0142o.","breadcrumb":{"@id":"https:\/\/balance-studio.pl\/index.php\/joga\/#breadcrumb"},"inLanguage":"pl-PL","potentialAction":[{"@type":"ReadAction","target":["https:\/\/balance-studio.pl\/index.php\/joga\/"]}]},{"@type":"ImageObject","inLanguage":"pl-PL","@id":"https:\/\/balance-studio.pl\/index.php\/joga\/#primaryimage","url":"http:\/\/wordpress2213765.home.pl\/balance\/wp-content\/uploads\/2022\/12\/Yoga.png","contentUrl":"http:\/\/wordpress2213765.home.pl\/balance\/wp-content\/uploads\/2022\/12\/Yoga.png"},{"@type":"BreadcrumbList","@id":"https:\/\/balance-studio.pl\/index.php\/joga\/#breadcrumb","itemListElement":[{"@type":"ListItem","position":1,"name":"Home","item":"http:\/\/balance-studio.pl\/"},{"@type":"ListItem","position":2,"name":"Yoga"}]},{"@type":"WebSite","@id":"http:\/\/balance-studio.pl\/#website","url":"http:\/\/balance-studio.pl\/","name":"Balance Studio","description":"","potentialAction":[{"@type":"SearchAction","target":{"@type":"EntryPoint","urlTemplate":"http:\/\/balance-studio.pl\/?s={search_term_string}"},"query-input":{"@type":"PropertyValueSpecification","valueRequired":true,"valueName":"search_term_string"}}],"inLanguage":"pl-PL"}]}},"_links":{"self":[{"href":"https:\/\/balance-studio.pl\/index.php\/wp-json\/wp\/v2\/pages\/794","targetHints":{"allow":["GET"]}}],"collection":[{"href":"https:\/\/balance-studio.pl\/index.php\/wp-json\/wp\/v2\/pages"}],"about":[{"href":"https:\/\/balance-studio.pl\/index.php\/wp-json\/wp\/v2\/types\/page"}],"author":[{"embeddable":true,"href":"https:\/\/balance-studio.pl\/index.php\/wp-json\/wp\/v2\/users\/1"}],"replies":[{"embeddable":true,"href":"https:\/\/balance-studio.pl\/index.php\/wp-json\/wp\/v2\/comments?post=794"}],"version-history":[{"count":27,"href":"https:\/\/balance-studio.pl\/index.php\/wp-json\/wp\/v2\/pages\/794\/revisions"}],"predecessor-version":[{"id":1282,"href":"https:\/\/balance-studio.pl\/index.php\/wp-json\/wp\/v2\/pages\/794\/revisions\/1282"}],"wp:attachment":[{"href":"https:\/\/balance-studio.pl\/index.php\/wp-json\/wp\/v2\/media?parent=794"}],"curies":[{"name":"wp","href":"https:\/\/api.w.org\/{rel}","templated":true}]}}